{"id":109,"date":"2019-05-01T18:06:57","date_gmt":"2019-05-01T16:06:57","guid":{"rendered":"https:\/\/francescozanchi.com\/br\/?page_id=109"},"modified":"2020-12-27T09:01:48","modified_gmt":"2020-12-27T08:01:48","slug":"veneza-monumental","status":"publish","type":"page","link":"https:\/\/francescozanchi.com\/br\/tours\/veneza-monumental\/","title":{"rendered":"Veneza monumental"},"content":{"rendered":"<p>[vc_row full_width=\u00bbstretch_row_content_no_spaces\u00bb content_placement=\u00bbmiddle\u00bb bg_type=\u00bbimage\u00bb parallax_style=\u00bbvcpb-default\u00bb bg_image_repeat=\u00bbno-repeat\u00bb bg_image_size=\u00bbinitial\u00bb bg_img_attach=\u00bbfixed\u00bb bg_override=\u00bbfull\u00bb animation_type=\u00bbh\u00bb horizontal_animation=\u00bbleft-animation\u00bb vertical_animation=\u00bbtop-animation\u00bb disable_on_mobile=\u00bbdisable_on_mobile_value\u00bb][vc_column][vc_single_image image=\u00bb366&#8243; img_size=\u00bbfull\u00bb alignment=\u00bbcenter\u00bb][\/vc_column][\/vc_row][vc_row][vc_column]<div id=\"ultimate-heading-485169f8a2c1f3dd2\" class=\"uvc-heading ult-adjust-bottom-margin ultimate-heading-485169f8a2c1f3dd2 uvc-4857 \" data-hspacer=\"line_only\"  data-halign=\"center\" style=\"text-align:center\"><div class=\"uvc-main-heading ult-responsive\"  data-ultimate-target='.uvc-heading.ultimate-heading-485169f8a2c1f3dd2 h2'  data-responsive-json-new='{\"font-size\":\"desktop:30px;\",\"line-height\":\"\"}' ><h2 style=\"font-weight:bold;\">Veneza monumental<\/h2><\/div><div class=\"uvc-heading-spacer line_only\" style=\"margin-top:15px;margin-bottom:25px;height:1px;\"><span class=\"uvc-headings-line\" style=\"border-style:solid;border-bottom-width:1px;border-color:#000000;width:80px;\"><\/span><\/div><\/div>[vc_column_text]<\/p>\n<p style=\"text-align: center;\"><span lang=\"PT-BR\">Vamos descobrir a entrada monumental da cidade, que era o verdadeiro cora\u00e7\u00e3o de Veneza: o centro pol\u00edtico, religioso e cultural. Aqui est\u00e3o duas propostas cl\u00e1ssicas:<\/span><\/p>\n<p>[\/vc_column_text][vc_row_inner][vc_column_inner]<div id=\"ultimate-heading-295769f8a2c1f3e5b\" class=\"uvc-heading ult-adjust-bottom-margin ultimate-heading-295769f8a2c1f3e5b uvc-9533 \" data-hspacer=\"no_spacer\"  data-halign=\"center\" style=\"text-align:center\"><div class=\"uvc-heading-spacer no_spacer\" style=\"top\"><\/div><div class=\"uvc-main-heading ult-responsive\"  data-ultimate-target='.uvc-heading.ultimate-heading-295769f8a2c1f3e5b h2'  data-responsive-json-new='{\"font-size\":\"\",\"line-height\":\"\"}' ><h2 style=\"font-weight:normal;\">escolha o seu passeio<\/h2><\/div><\/div>[vc_column_text]<\/p>\n<ol>\n<li><b><span lang=\"PT-BR\">Pra\u00e7a de S\u00e3o Marcos<\/span><\/b><span lang=\"PT-BR\"><span lang=\"PT-BR\">: visita do Pal\u00e1cio Ducal (o maior edif\u00edcio civil em Veneza, lar do doge e sede do governo veneziano) e da Bas\u00edlica de S\u00e3o Marcos (de imensa riqueza e valor art\u00edstico; com as suas cinco c\u00fapulas, os mosaicos dourados e as rel\u00edquias de S\u00e3o Marcos). Outros s\u00edmbolos da cidade ficam aqui: a Ponte dos Suspiros que liga o Pal\u00e1cio \u00e0 pris\u00e3o, o Campan\u00e1rio de S\u00e3o Marcos onde \u00e9 poss\u00edvel subir com o elevador para admirar uma vista lind\u00edssima, o Florian que foi o primeiro caf\u00e9 a abrir suas portas no mundo, a Torre do Rel\u00f3gio com as est\u00e1tuas de dois mouros, homens que representam o passar do tempo batendo o sino.<\/span><\/span>&nbsp;<\/li>\n<li><b><span lang=\"PT-BR\">Uma caminhada pelo bairro de S\u00e3o Marcos<\/span><\/b><span lang=\"PT-BR\">: o que est\u00e1 al\u00e9m da pra\u00e7a, como a \u201cScala del Bovolo\u201d (escada de caracol, numa alus\u00e3o \u00e0 sua forma) ou a casa da \u00f3pera \u00abLa Fenice\u00bb, que <\/span><span lang=\"PT-BR\">foi das chamas ao esplendor por duas vezes<\/span><span lang=\"PT-BR\"><span lang=\"PT-BR\">.<\/span><\/span>&nbsp;<\/li>\n<\/ol>\n<p>[\/vc_column_text][\/vc_column_inner][\/vc_row_inner][\/vc_column][\/vc_row][vc_row][vc_column width=\u00bb1\/3&#8243;][vc_single_image image=\u00bb330&#8243; img_size=\u00bbfull\u00bb alignment=\u00bbcenter\u00bb][vc_single_image image=\u00bb372&#8243; img_size=\u00bbfull\u00bb alignment=\u00bbcenter\u00bb][\/vc_column][vc_column width=\u00bb1\/3&#8243;][vc_single_image image=\u00bb368&#8243; img_size=\u00bbfull\u00bb alignment=\u00bbcenter\u00bb][vc_single_image image=\u00bb69&#8243; img_size=\u00bbfull\u00bb alignment=\u00bbcenter\u00bb][\/vc_column][vc_column width=\u00bb1\/3&#8243;][vc_single_image image=\u00bb370&#8243; img_size=\u00bbfull\u00bb alignment=\u00bbcenter\u00bb][vc_single_image image=\u00bb376&#8243; img_size=\u00bbfull\u00bb alignment=\u00bbcenter\u00bb][\/vc_column][\/vc_row]<\/p>\n","protected":false},"excerpt":{"rendered":"<p>[vc_row full_width=\u00bbstretch_row_content_no_spaces\u00bb content_placement=\u00bbmiddle\u00bb bg_type=\u00bbimage\u00bb parallax_style=\u00bbvcpb-default\u00bb bg_image_repeat=\u00bbno-repeat\u00bb bg_image_size=\u00bbinitial\u00bb bg_img_attach=\u00bbfixed\u00bb bg_override=\u00bbfull\u00bb animation_type=\u00bbh\u00bb horizontal_animation=\u00bbleft-animation\u00bb vertical_animation=\u00bbtop-animation\u00bb disable_on_mobile=\u00bbdisable_on_mobile_value\u00bb][vc_column][vc_single_image image=\u00bb366&#8243; img_size=\u00bbfull\u00bb alignment=\u00bbcenter\u00bb][\/vc_column][\/vc_row][vc_row][vc_column][vc_column_text] Vamos descobrir a entrada monumental da cidade, que era o verdadeiro cora\u00e7\u00e3o de Veneza: o centro pol\u00edtico, religioso e cultural. Aqui est\u00e3o duas propostas cl\u00e1ssicas: [\/vc_column_text][vc_row_inner][vc_column_inner][vc_column_text] Pra\u00e7a de S\u00e3o Marcos: visita do Pal\u00e1cio Ducal (o maior edif\u00edcio civil em [&hellip;]<\/p>\n","protected":false},"author":2,"featured_media":0,"parent":21,"menu_order":0,"comment_status":"closed","ping_status":"closed","template":"","meta":{"_genesis_hide_title":false,"_genesis_hide_breadcrumbs":false,"_genesis_hide_singular_image":false,"_genesis_hide_footer_widgets":false,"_genesis_custom_body_class":"","_genesis_custom_post_class":"","_genesis_layout":"full-width-content","footnotes":""},"class_list":{"0":"post-109","1":"page","2":"type-page","3":"status-publish","5":"entry"},"_links":{"self":[{"href":"https:\/\/francescozanchi.com\/br\/wp-json\/wp\/v2\/pages\/109","targetHints":{"allow":["GET"]}}],"collection":[{"href":"https:\/\/francescozanchi.com\/br\/wp-json\/wp\/v2\/pages"}],"about":[{"href":"https:\/\/francescozanchi.com\/br\/wp-json\/wp\/v2\/types\/page"}],"author":[{"embeddable":true,"href":"https:\/\/francescozanchi.com\/br\/wp-json\/wp\/v2\/users\/2"}],"replies":[{"embeddable":true,"href":"https:\/\/francescozanchi.com\/br\/wp-json\/wp\/v2\/comments?post=109"}],"version-history":[{"count":43,"href":"https:\/\/francescozanchi.com\/br\/wp-json\/wp\/v2\/pages\/109\/revisions"}],"predecessor-version":[{"id":535,"href":"https:\/\/francescozanchi.com\/br\/wp-json\/wp\/v2\/pages\/109\/revisions\/535"}],"up":[{"embeddable":true,"href":"https:\/\/francescozanchi.com\/br\/wp-json\/wp\/v2\/pages\/21"}],"wp:attachment":[{"href":"https:\/\/francescozanchi.com\/br\/wp-json\/wp\/v2\/media?parent=109"}],"curies":[{"name":"wp","href":"https:\/\/api.w.org\/{rel}","templated":true}]}}