{"id":119,"date":"2019-05-01T18:41:58","date_gmt":"2019-05-01T16:41:58","guid":{"rendered":"https:\/\/francescozanchi.com\/br\/?page_id=119"},"modified":"2020-12-27T09:06:45","modified_gmt":"2020-12-27T08:06:45","slug":"veneza-secreta","status":"publish","type":"page","link":"https:\/\/francescozanchi.com\/br\/tours\/veneza-secreta\/","title":{"rendered":"Veneza secreta"},"content":{"rendered":"<p>[vc_row full_width=\u00bbstretch_row_content_no_spaces\u00bb content_placement=\u00bbmiddle\u00bb bg_type=\u00bbimage\u00bb parallax_style=\u00bbvcpb-default\u00bb bg_image_repeat=\u00bbno-repeat\u00bb bg_image_size=\u00bbinitial\u00bb bg_img_attach=\u00bbfixed\u00bb bg_override=\u00bbfull\u00bb animation_type=\u00bbh\u00bb horizontal_animation=\u00bbleft-animation\u00bb vertical_animation=\u00bbtop-animation\u00bb disable_on_mobile=\u00bbdisable_on_mobile_value\u00bb][vc_column][vc_single_image image=\u00bb308&#8243; img_size=\u00bbfull\u00bb alignment=\u00bbcenter\u00bb][\/vc_column][\/vc_row][vc_row][vc_column]<div id=\"ultimate-heading-467869f8a2aa34d67\" class=\"uvc-heading ult-adjust-bottom-margin ultimate-heading-467869f8a2aa34d67 uvc-1600 \" data-hspacer=\"line_only\"  data-halign=\"center\" style=\"text-align:center\"><div class=\"uvc-main-heading ult-responsive\"  data-ultimate-target='.uvc-heading.ultimate-heading-467869f8a2aa34d67 h2'  data-responsive-json-new='{\"font-size\":\"desktop:30px;\",\"line-height\":\"\"}' ><h2 style=\"font-weight:bold;\">Veneza secreta<\/h2><\/div><div class=\"uvc-heading-spacer line_only\" style=\"margin-top:15px;margin-bottom:25px;height:1px;\"><span class=\"uvc-headings-line\" style=\"border-style:solid;border-bottom-width:1px;border-color:#000000;width:80px;\"><\/span><\/div><\/div>[vc_column_text]<\/p>\n<p style=\"text-align: center;\"><span lang=\"PT-BR\">Descubra a hist\u00f3ria desta fascinante cidade pelas suas ruas estreitas, as suas pontes e os seus lugares \u00fanicos. Voc\u00ea pode escolher uma dessas caminhadas para descobrir o tesouro escondido da cidade:<\/span><\/p>\n<p>[\/vc_column_text]<div id=\"ultimate-heading-840269f8a2aa34dfd\" class=\"uvc-heading ult-adjust-bottom-margin ultimate-heading-840269f8a2aa34dfd uvc-49 \" data-hspacer=\"no_spacer\"  data-halign=\"center\" style=\"text-align:center\"><div class=\"uvc-heading-spacer no_spacer\" style=\"top\"><\/div><div class=\"uvc-main-heading ult-responsive\"  data-ultimate-target='.uvc-heading.ultimate-heading-840269f8a2aa34dfd h2'  data-responsive-json-new='{\"font-size\":\"\",\"line-height\":\"\"}' ><h2 style=\"font-weight:normal;\">escolha o seu passeio<\/h2><\/div><\/div>[vc_column_text]<\/p>\n<ol>\n<li><b><span lang=\"PT-BR\">Dorsoduro<\/span><\/b><span lang=\"PT-BR\"><span lang=\"PT-BR\">: \u00e9 o bairro mais art\u00edstico, onde h\u00e1 a igreja de N. S.ra da Sa\u00fade (quando Veneza foi atingida pela peste, o Senado fez um voto de construir uma igreja dedicada \u00e0 Virgem, se acabasse o flagelo) e onde fica o \u00absquero di San Trovaso\u00bb, ou seja o estaleiro onde se constroem as g\u00f4ndolas. \u00c9 neste complexo pitoresco que s\u00e3o constru\u00eddas as novas g\u00f4ndolas e que se consertam as estragadas.<\/span><\/span>&nbsp;<\/li>\n<li><b><span lang=\"PT-BR\">Santa Croce e San Polo<\/span><\/b><span lang=\"PT-BR\">: s\u00e3o dois bairros ricos de <\/span><span lang=\"PT-BR\">cantinhos in\u00e9ditos,<\/span><span lang=\"PT-BR\"><span lang=\"PT-BR\"> \u00e9 a \u00e1rea onde fica o mercado de Rialto e a famosa ponte. Noutros tempos, os navios mercantes chegavam at\u00e9 l\u00e1 para a\u00ed desembarcarem as mercadorias (especiarias, sedas, j\u00f3ias e peles), mas ainda hoje \u00e9 o lugar favorito pelos Venezianos onde comprar peixe fresco e fruta e legumes que chegam das nossas ilhas.<\/span><\/span>&nbsp;<\/li>\n<li><b><span lang=\"PT-BR\">Cannaregio<\/span><\/b><span lang=\"PT-BR\"><span lang=\"PT-BR\">: a alma mais aut\u00eantica da cidade, o bairro mais populoso. \u00c9 aqui que h\u00e1 o Gueto Judeu: vamos descobrir a origem veneziana do nome \u201cgueto\u201d e a vida desta \u00e1rea especial com as suas cinco sinagogas.<\/span><\/span>&nbsp;<\/li>\n<li><b><span lang=\"PT-BR\">Castello<\/span><\/b><span lang=\"PT-BR\"><span lang=\"PT-BR\">: \u00e9 o bairro maior da cidade. Vamos conhecer mais sobre a import\u00e2ncia das comunidades de estrangeiros em Veneza, em particular a comunidade grega ainda hoje ativa, e o \u00abArsenale\u00bb (estaleiro fundado em 1104): a navega\u00e7\u00e3o e o com\u00e9rcio mar\u00edtimo eram a base da prosperidade da urbe.<\/span><\/span>&nbsp;<\/li>\n<li><strong>Giudecca e San Giorgio<\/strong>: duas ilhas que est\u00e3o em frente a S\u00e3o Marcos. A primeira \u00e9 um dos lugares mais esquecido pelas \u201cestrelas\u201d porque fica isolada ainda tendo uma vista panor\u00e2mica no cora\u00e7\u00e3o da cidade: entre os edif\u00edcios que mais se destacam temos o perfil original do Molinho Stucky e da igreja do Redentor. A segunda \u00e9 um mosteiro beneditino com a igreja de S. Jorge Maior, uma das obras mais importantes do grande arquiteto Andrea Palladio. A gente pode subir o campan\u00e1rio que oferece a vista mais linda de Veneza.&nbsp;<\/li>\n<\/ol>\n<p>[\/vc_column_text][\/vc_column][\/vc_row][vc_row][vc_column width=\u00bb1\/3&#8243;][vc_single_image image=\u00bb336&#8243; img_size=\u00bbfull\u00bb alignment=\u00bbcenter\u00bb][vc_single_image image=\u00bb380&#8243; img_size=\u00bbfull\u00bb alignment=\u00bbcenter\u00bb][\/vc_column][vc_column width=\u00bb1\/3&#8243;][vc_single_image image=\u00bb338&#8243; img_size=\u00bbfull\u00bb alignment=\u00bbcenter\u00bb][vc_single_image image=\u00bb382&#8243; img_size=\u00bbfull\u00bb alignment=\u00bbcenter\u00bb][\/vc_column][vc_column width=\u00bb1\/3&#8243;][vc_single_image image=\u00bb378&#8243; img_size=\u00bbfull\u00bb alignment=\u00bbcenter\u00bb][vc_single_image image=\u00bb334&#8243; img_size=\u00bbfull\u00bb alignment=\u00bbcenter\u00bb][\/vc_column][\/vc_row]<\/p>\n","protected":false},"excerpt":{"rendered":"<p>[vc_row full_width=\u00bbstretch_row_content_no_spaces\u00bb content_placement=\u00bbmiddle\u00bb bg_type=\u00bbimage\u00bb parallax_style=\u00bbvcpb-default\u00bb bg_image_repeat=\u00bbno-repeat\u00bb bg_image_size=\u00bbinitial\u00bb bg_img_attach=\u00bbfixed\u00bb bg_override=\u00bbfull\u00bb animation_type=\u00bbh\u00bb horizontal_animation=\u00bbleft-animation\u00bb vertical_animation=\u00bbtop-animation\u00bb disable_on_mobile=\u00bbdisable_on_mobile_value\u00bb][vc_column][vc_single_image image=\u00bb308&#8243; img_size=\u00bbfull\u00bb alignment=\u00bbcenter\u00bb][\/vc_column][\/vc_row][vc_row][vc_column][vc_column_text] Descubra a hist\u00f3ria desta fascinante cidade pelas suas ruas estreitas, as suas pontes e os seus lugares \u00fanicos. Voc\u00ea pode escolher uma dessas caminhadas para descobrir o tesouro escondido da cidade: [\/vc_column_text][vc_column_text] Dorsoduro: \u00e9 o bairro mais art\u00edstico, onde [&hellip;]<\/p>\n","protected":false},"author":2,"featured_media":0,"parent":21,"menu_order":0,"comment_status":"closed","ping_status":"closed","template":"","meta":{"_genesis_hide_title":false,"_genesis_hide_breadcrumbs":false,"_genesis_hide_singular_image":false,"_genesis_hide_footer_widgets":false,"_genesis_custom_body_class":"","_genesis_custom_post_class":"","_genesis_layout":"full-width-content","footnotes":""},"class_list":{"0":"post-119","1":"page","2":"type-page","3":"status-publish","5":"entry"},"_links":{"self":[{"href":"https:\/\/francescozanchi.com\/br\/wp-json\/wp\/v2\/pages\/119","targetHints":{"allow":["GET"]}}],"collection":[{"href":"https:\/\/francescozanchi.com\/br\/wp-json\/wp\/v2\/pages"}],"about":[{"href":"https:\/\/francescozanchi.com\/br\/wp-json\/wp\/v2\/types\/page"}],"author":[{"embeddable":true,"href":"https:\/\/francescozanchi.com\/br\/wp-json\/wp\/v2\/users\/2"}],"replies":[{"embeddable":true,"href":"https:\/\/francescozanchi.com\/br\/wp-json\/wp\/v2\/comments?post=119"}],"version-history":[{"count":22,"href":"https:\/\/francescozanchi.com\/br\/wp-json\/wp\/v2\/pages\/119\/revisions"}],"predecessor-version":[{"id":540,"href":"https:\/\/francescozanchi.com\/br\/wp-json\/wp\/v2\/pages\/119\/revisions\/540"}],"up":[{"embeddable":true,"href":"https:\/\/francescozanchi.com\/br\/wp-json\/wp\/v2\/pages\/21"}],"wp:attachment":[{"href":"https:\/\/francescozanchi.com\/br\/wp-json\/wp\/v2\/media?parent=119"}],"curies":[{"name":"wp","href":"https:\/\/api.w.org\/{rel}","templated":true}]}}