{"id":121,"date":"2019-05-01T18:43:17","date_gmt":"2019-05-01T16:43:17","guid":{"rendered":"https:\/\/francescozanchi.com\/br\/?page_id=121"},"modified":"2020-12-27T09:02:40","modified_gmt":"2020-12-27T08:02:40","slug":"palacios-museus-e-igrejas","status":"publish","type":"page","link":"https:\/\/francescozanchi.com\/br\/tours\/palacios-museus-e-igrejas\/","title":{"rendered":"Palacios, museus e igrejas"},"content":{"rendered":"<p>[vc_row full_width=\u00bbstretch_row_content_no_spaces\u00bb content_placement=\u00bbmiddle\u00bb bg_type=\u00bbimage\u00bb parallax_style=\u00bbvcpb-default\u00bb bg_image_repeat=\u00bbno-repeat\u00bb bg_image_size=\u00bbinitial\u00bb bg_img_attach=\u00bbfixed\u00bb bg_override=\u00bbfull\u00bb animation_type=\u00bbh\u00bb horizontal_animation=\u00bbleft-animation\u00bb vertical_animation=\u00bbtop-animation\u00bb disable_on_mobile=\u00bbdisable_on_mobile_value\u00bb][vc_column][vc_single_image image=\u00bb313&#8243; img_size=\u00bbfull\u00bb alignment=\u00bbcenter\u00bb][\/vc_column][\/vc_row][vc_row][vc_column]<div id=\"ultimate-heading-98869f8a2aa6fdda\" class=\"uvc-heading ult-adjust-bottom-margin ultimate-heading-98869f8a2aa6fdda uvc-277 \" data-hspacer=\"line_only\"  data-halign=\"center\" style=\"text-align:center\"><div class=\"uvc-main-heading ult-responsive\"  data-ultimate-target='.uvc-heading.ultimate-heading-98869f8a2aa6fdda h2'  data-responsive-json-new='{\"font-size\":\"desktop:30px;\",\"line-height\":\"\"}' ><h2 style=\"font-weight:bold;\">Pal\u00e1cios, museus e igrejas<\/h2><\/div><div class=\"uvc-heading-spacer line_only\" style=\"margin-top:15px;margin-bottom:25px;height:1px;\"><span class=\"uvc-headings-line\" style=\"border-style:solid;border-bottom-width:1px;border-color:#000000;width:80px;\"><\/span><\/div><\/div>[vc_column_text]<\/p>\n<p style=\"text-align: center;\"><span lang=\"PT-BR\">Aqui est\u00e3o alguns dos lugares favoritos dos que visitam a minha cidade, entre o grande n\u00famero de pal\u00e1cios, igrejas e museus:<\/span><\/p>\n<p>[\/vc_column_text][vc_row_inner][vc_column_inner]<div id=\"ultimate-heading-901869f8a2aa6fe78\" class=\"uvc-heading ult-adjust-bottom-margin ultimate-heading-901869f8a2aa6fe78 uvc-4808 \" data-hspacer=\"no_spacer\"  data-halign=\"center\" style=\"text-align:center\"><div class=\"uvc-heading-spacer no_spacer\" style=\"top\"><\/div><div class=\"uvc-main-heading ult-responsive\"  data-ultimate-target='.uvc-heading.ultimate-heading-901869f8a2aa6fe78 h2'  data-responsive-json-new='{\"font-size\":\"\",\"line-height\":\"\"}' ><h2 style=\"font-weight:normal;\">escolha o seu passeio<\/h2><\/div><\/div>[vc_column_text]<\/p>\n<ol>\n<li><strong>Ca&#8217; Rezzonico<\/strong>: este pal\u00e1cio \u00e9 uma janela aberta sobre a mem\u00f3ria da Veneza do s\u00e9culo XVIII, rico em mobili\u00e1rio, um dos mais espl\u00eandidos de Veneza. Entre e descubra comigo a vida daquele per\u00edodo irrepet\u00edvel.&nbsp;<\/li>\n<li><strong>Scuola Grande di San Rocco e Basilica dei Frari<\/strong>: visitaremos uma das principais confrarias de Veneza (o interior constitui um monumento \u00e0 arte de Jacopo Tintoretto) e uma das igrejas mais importantes da cidade depois de S\u00e3o Marcos, famosa por obras de arte de Ticiano, entre outras. \u00c9 uma das igrejas mais lindas de Veneza e conserva em seu interior obras de arte e mausol\u00e9us de doges, artistas e personalidades.&nbsp;<\/li>\n<li><strong>Galerias da Accademia<\/strong>: o museu mais importante da pintura veneziana; caminhando pelas suas grandes salas, voc\u00ea pode apreciar a evolu\u00e7\u00e3o da pintura ao longo dos s\u00e9culos.&nbsp;<\/li>\n<li><strong>Grimani-Querini<\/strong>: movendo-se atrav\u00e9s dos seus espa\u00e7osos quartos e suas salas \u00fanicas, viveremos e sonharemos com a aristocracia veneziana de um tempo incompar\u00e1vel. O Palazzo Grimani, do s\u00e9culo 16, e aberto ao p\u00fablico pela primeira vez em dezembro de 2008, \u00e9 um edif\u00edcio \u00fanico na hist\u00f3ria e na arte de Veneza pela originalidade da sua arquitetura e decora\u00e7\u00e3o. O museu Querini Stampalia det\u00e9m o seu mobili\u00e1rio do s\u00e9culo 18 e tamb\u00e9m neocl\u00e1ssico; uma atmosfera de resid\u00eancia nobre com espelhos e l\u00e2mpadas de vidro de Murano e tecidos hist\u00f3ricos.&nbsp;<\/li>\n<li><strong>San Stae e Palazzo Mocenigo<\/strong>: a igreja de San Stae nos deslumbrar\u00e1 com a sua ornamentada fachada barroca e o seu interior simples com tesouros art\u00edsticos de Piazzetta, Tiepolo e outros artistas do s\u00e9culo XVIII. O Palazzo Mocenigo, que fica perto da igreja, foi a resid\u00eancia de uma das fam\u00edlias mais importantes e poderosas da Rep\u00fablica de Veneza.&nbsp;<\/li>\n<li><b><span lang=\"PT-BR\">Cole\u00e7\u00e3o Peggy Guggenheim<\/span><\/b><span lang=\"PT-BR\">: o museu \u00e9 uma exposi\u00e7\u00e3o que faz uma leitura geral da arte moderna, onde podemos encontrar obras de arte de Picasso, De Chirico, Mondrian, Dal\u00ec, Magritte e Pollock, apenas para mencionar alguns nomes. Saiba mais sobre a vida de Peggy Guggenheim e atravesse os quartos da sua casa e veja o que ela colecionou: a cole\u00e7\u00e3o cobre v\u00e1rias \u00e1reas de interesse, esculturas e pinturas, que ilustram aspectos do cubismo, abstra\u00e7\u00e3o, surrealismo e expressionismo americano. No segundo espa\u00e7o que lhe \u00e9 complementar, s\u00e3o apresentadas exposi\u00e7\u00f5es espec\u00edficas.<\/span>&nbsp;<\/li>\n<\/ol>\n<p>[\/vc_column_text][\/vc_column_inner][\/vc_row_inner][\/vc_column][\/vc_row][vc_row][vc_column width=\u00bb1\/3&#8243;][vc_single_image image=\u00bb332&#8243; img_size=\u00bbfull\u00bb alignment=\u00bbcenter\u00bb][vc_single_image image=\u00bb360&#8243; img_size=\u00bbfull\u00bb alignment=\u00bbcenter\u00bb][\/vc_column][vc_column width=\u00bb1\/3&#8243;][vc_single_image image=\u00bb356&#8243; img_size=\u00bbfull\u00bb alignment=\u00bbcenter\u00bb][vc_single_image image=\u00bb362&#8243; img_size=\u00bbfull\u00bb alignment=\u00bbcenter\u00bb][\/vc_column][vc_column width=\u00bb1\/3&#8243;][vc_single_image image=\u00bb358&#8243; img_size=\u00bbfull\u00bb alignment=\u00bbcenter\u00bb][vc_single_image image=\u00bb364&#8243; img_size=\u00bbfull\u00bb alignment=\u00bbcenter\u00bb][\/vc_column][\/vc_row]<\/p>\n","protected":false},"excerpt":{"rendered":"<p>[vc_row full_width=\u00bbstretch_row_content_no_spaces\u00bb content_placement=\u00bbmiddle\u00bb bg_type=\u00bbimage\u00bb parallax_style=\u00bbvcpb-default\u00bb bg_image_repeat=\u00bbno-repeat\u00bb bg_image_size=\u00bbinitial\u00bb bg_img_attach=\u00bbfixed\u00bb bg_override=\u00bbfull\u00bb animation_type=\u00bbh\u00bb horizontal_animation=\u00bbleft-animation\u00bb vertical_animation=\u00bbtop-animation\u00bb disable_on_mobile=\u00bbdisable_on_mobile_value\u00bb][vc_column][vc_single_image image=\u00bb313&#8243; img_size=\u00bbfull\u00bb alignment=\u00bbcenter\u00bb][\/vc_column][\/vc_row][vc_row][vc_column][vc_column_text] Aqui est\u00e3o alguns dos lugares favoritos dos que visitam a minha cidade, entre o grande n\u00famero de pal\u00e1cios, igrejas e museus: [\/vc_column_text][vc_row_inner][vc_column_inner][vc_column_text] Ca&#8217; Rezzonico: este pal\u00e1cio \u00e9 uma janela aberta sobre a mem\u00f3ria da Veneza do s\u00e9culo XVIII, rico [&hellip;]<\/p>\n","protected":false},"author":2,"featured_media":0,"parent":21,"menu_order":0,"comment_status":"closed","ping_status":"closed","template":"","meta":{"_genesis_hide_title":false,"_genesis_hide_breadcrumbs":false,"_genesis_hide_singular_image":false,"_genesis_hide_footer_widgets":false,"_genesis_custom_body_class":"","_genesis_custom_post_class":"","_genesis_layout":"full-width-content","footnotes":""},"class_list":{"0":"post-121","1":"page","2":"type-page","3":"status-publish","5":"entry"},"_links":{"self":[{"href":"https:\/\/francescozanchi.com\/br\/wp-json\/wp\/v2\/pages\/121","targetHints":{"allow":["GET"]}}],"collection":[{"href":"https:\/\/francescozanchi.com\/br\/wp-json\/wp\/v2\/pages"}],"about":[{"href":"https:\/\/francescozanchi.com\/br\/wp-json\/wp\/v2\/types\/page"}],"author":[{"embeddable":true,"href":"https:\/\/francescozanchi.com\/br\/wp-json\/wp\/v2\/users\/2"}],"replies":[{"embeddable":true,"href":"https:\/\/francescozanchi.com\/br\/wp-json\/wp\/v2\/comments?post=121"}],"version-history":[{"count":30,"href":"https:\/\/francescozanchi.com\/br\/wp-json\/wp\/v2\/pages\/121\/revisions"}],"predecessor-version":[{"id":536,"href":"https:\/\/francescozanchi.com\/br\/wp-json\/wp\/v2\/pages\/121\/revisions\/536"}],"up":[{"embeddable":true,"href":"https:\/\/francescozanchi.com\/br\/wp-json\/wp\/v2\/pages\/21"}],"wp:attachment":[{"href":"https:\/\/francescozanchi.com\/br\/wp-json\/wp\/v2\/media?parent=121"}],"curies":[{"name":"wp","href":"https:\/\/api.w.org\/{rel}","templated":true}]}}