{"id":123,"date":"2019-05-01T18:43:51","date_gmt":"2019-05-01T16:43:51","guid":{"rendered":"https:\/\/francescozanchi.com\/br\/?page_id=123"},"modified":"2024-09-25T16:51:49","modified_gmt":"2024-09-25T14:51:49","slug":"passeios-especiais","status":"publish","type":"page","link":"https:\/\/francescozanchi.com\/br\/tours\/passeios-especiais\/","title":{"rendered":"Passeios especiais"},"content":{"rendered":"<p>[vc_row full_width=\u00bbstretch_row_content_no_spaces\u00bb content_placement=\u00bbmiddle\u00bb bg_type=\u00bbimage\u00bb parallax_style=\u00bbvcpb-default\u00bb bg_image_repeat=\u00bbno-repeat\u00bb bg_image_size=\u00bbinitial\u00bb bg_img_attach=\u00bbfixed\u00bb bg_override=\u00bbfull\u00bb animation_type=\u00bbh\u00bb horizontal_animation=\u00bbleft-animation\u00bb vertical_animation=\u00bbtop-animation\u00bb disable_on_mobile=\u00bbdisable_on_mobile_value\u00bb][vc_column][vc_single_image image=\u00bb413&#8243; img_size=\u00bbfull\u00bb alignment=\u00bbcenter\u00bb][\/vc_column][\/vc_row][vc_row][vc_column]<div id=\"ultimate-heading-186869f8a2dd90e0c\" class=\"uvc-heading ult-adjust-bottom-margin ultimate-heading-186869f8a2dd90e0c uvc-9985 \" data-hspacer=\"line_only\"  data-halign=\"center\" style=\"text-align:center\"><div class=\"uvc-main-heading ult-responsive\"  data-ultimate-target='.uvc-heading.ultimate-heading-186869f8a2dd90e0c h2'  data-responsive-json-new='{\"font-size\":\"desktop:30px;\",\"line-height\":\"\"}' ><h2 style=\"font-weight:bold;\">Passeios especiais<\/h2><\/div><div class=\"uvc-heading-spacer line_only\" style=\"margin-top:15px;margin-bottom:25px;height:1px;\"><span class=\"uvc-headings-line\" style=\"border-style:solid;border-bottom-width:1px;border-color:#000000;width:80px;\"><\/span><\/div><\/div>[vc_column_text]<\/p>\n<p style=\"text-align: center;\"><i><span lang=\"PT-BR\">Eu ofere\u00e7o tours tem\u00e1ticos para capturar sua imagina\u00e7\u00e3o:<\/span><\/i><\/p>\n<p>[\/vc_column_text][vc_row_inner][vc_column_inner]<div id=\"ultimate-heading-748169f8a2dd90ea1\" class=\"uvc-heading ult-adjust-bottom-margin ultimate-heading-748169f8a2dd90ea1 uvc-5237 \" data-hspacer=\"no_spacer\"  data-halign=\"center\" style=\"text-align:center\"><div class=\"uvc-heading-spacer no_spacer\" style=\"top\"><\/div><div class=\"uvc-main-heading ult-responsive\"  data-ultimate-target='.uvc-heading.ultimate-heading-748169f8a2dd90ea1 h2'  data-responsive-json-new='{\"font-size\":\"\",\"line-height\":\"\"}' ><h2 style=\"font-weight:normal;\">escolha o seu passeio<\/h2><\/div><\/div>[vc_column_text]<\/p>\n<ol>\n<li><strong>Viajar com crian\u00e7as<\/strong>: uma caminhada prestando aten\u00e7\u00e3o aos pequenos. Veneza \u00e9 uma cidade \u00absurpresa\u00bb, que deixa as crian\u00e7as maravilhadas na primeira vez que a veem: as casas repousam sobre a \u00e1gua, as ruas s\u00e3o canais e o tr\u00e2nsito \u00e9 composto por lanchas e vaporetti, barca\u00e7as e g\u00f4ndolas &#8230; os carros se foram!<\/li>\n<li><strong>Comunidades estrangeiras em Veneza<\/strong>: um passeio para descobrir como a cidade sempre foi cosmopolita. Passaremos por alguns lugares hist\u00f3ricos dessas comunidades: alem\u00e3, arm\u00eania, d\u00e1lmata, grega&#8230;<\/li>\n<li><span lang=\"PT-BR\"><strong>O caminho das especiarias e o gosto pelo ex\u00f3tico<\/strong>, o seja, a atitude t\u00edpica veneziana de ter sido uma ponte entre a cultura oriental e ocidental. Um passeio que nos levar\u00e1 aos pal\u00e1cios e ruelas que t\u00eam sido palco de revolu\u00e7\u00f5es na medicina e na gastronomia, das chamadas drogas \u00abreais\u00bb \u00e0 moda do caf\u00e9, do chocolate e dos novos vinhos \u00abestrangeiros\u00bb.<\/span><\/li>\n<li><strong>Veneza e o vinho<\/strong>: um passeio nessa complexa e \u00fanica rela\u00e7\u00e3o, percorrendo as antigas ruas das profiss\u00f5es vitivin\u00edcolas e descobrindo porque Veneza era t\u00e3o importante para o vinho, para o seu consumo e para a sua distribui\u00e7\u00e3o.<\/li>\n<li><span lang=\"PT-BR\"><strong>Veneza e as mulheres<\/strong>: uma visita para descobrir algumas hist\u00f3rias femininas extraordin\u00e1rias. Uma viagem nas pegadas de mulheres que foram as primeiras a se aventurar em \u00e1reas que sempre foram indiscutivelmente territ\u00f3rio masculino, tanto na cultura quanto no esp\u00edrito empresarial. Examinaremos algumas mulheres extraordin\u00e1rias que queriam ser donas de seu pr\u00f3prio destino sem condicionamentos: mulheres modernas que deixaram uma marca indel\u00e9vel na hist\u00f3ria, n\u00e3o somente veneziana.<\/span><\/li>\n<li><strong>Erotismo e sedu\u00e7\u00e3o<\/strong>: <span lang=\"PT-BR\"><span lang=\"PT-BR\">Percorreremos a Veneza mais inusitada e secreta, provocadora e libertina. Vamos descobrir este palco ideal para jogos amorosos atrav\u00e9s do antigo bairro da luz vermelha e dos famosos \u201ccasinos\u201d, do cinema er\u00f3tico e da literatura licenciosa, nas pegadas das cortes\u00e3s e, claramente, do aventureiro que \u00e9 uma das nossas lendas mais famosas: o fascinante sedutor Casanova<\/span><\/span><\/li>\n<li><strong>Veneza e os grandes viajantes<\/strong>: a viagem entendida como conhecimento e compara\u00e7\u00e3o entre povos e culturas. Desfrute de um passeio diferente e original baseado nas aventuras, descobertas e di\u00e1rios de marinheiros intr\u00e9pidos e comerciantes famosos, como Marco Polo, os irm\u00e3os Zen, Querini, Caboto &#8230;<\/li>\n<li><strong>Arte e artesanato<\/strong>: para aqueles que querem conhecer Veneza e seus artesanatos, com suas tradi\u00e7\u00f5es art\u00edsticas arraigadas: aprender a fazer uma g\u00f4ndola, surpreender-se com a milenar cria\u00e7\u00e3o de mosaicos, ver o segredo da fabrica\u00e7\u00e3o de vidro, a elabora\u00e7\u00e3o de m\u00e1scaras carnavalescas em couro ou papel-mach\u00e9, ou com a manufatura manual de tecidos em teares de madeira.<br \/>\n<i><em>Pre\u00e7o para o passeio: \u20ac 150 (barco para Murano inclu\u00eddo)<\/em>.<\/i><\/li>\n<li><strong>\u201cCicheti\u201d e degusta\u00e7\u00e3o de vinho<\/strong>: Veneza tem uma tradi\u00e7\u00e3o encantadora: \u00abandar per bacari \u00bb degustando os famosos \u00abcicheti\u00bb (petiscos locais) enquanto desfruta dos mais t\u00edpicos vinhos regionais: o cl\u00e1ssico vinho tinto, o espumante \u00abprosecco\u00bb branco, o m\u00edtico \u00abBellini\u00bb criado por <span lang=\"PT-BR\">Cipriani no harry\u2019s bar<\/span> ou o famoso coquetel \u00abSpritz\u00bb!<\/li>\n<li><b><span lang=\"PT-BR\">Shopping tours<\/span><\/b><span lang=\"PT-BR\">: compre nas mais importantes boutiques de Veneza e nas famosas lojas de moda italiana ou lojas de artesanato veneziano: vou gui\u00e1-lo pelas lojas que mais lhe interessam (vinho e gastronomia t\u00edpica, moda, rendas, couro, veludos, damascos e brocados, vidro, mi\u00e7angas, m\u00e1scaras, antiguidades&#8230;).<\/span><\/li>\n<\/ol>\n<p>[\/vc_column_text][\/vc_column_inner][\/vc_row_inner][\/vc_column][\/vc_row][vc_row][vc_column width=\u00bb1\/3&#8243;][vc_single_image image=\u00bb342&#8243; img_size=\u00bbfull\u00bb alignment=\u00bbcenter\u00bb][vc_single_image image=\u00bb388&#8243; img_size=\u00bbfull\u00bb alignment=\u00bbcenter\u00bb][\/vc_column][vc_column width=\u00bb1\/3&#8243;][vc_single_image image=\u00bb386&#8243; img_size=\u00bbfull\u00bb alignment=\u00bbcenter\u00bb][vc_single_image image=\u00bb394&#8243; img_size=\u00bbfull\u00bb alignment=\u00bbcenter\u00bb][\/vc_column][vc_column width=\u00bb1\/3&#8243;][vc_single_image image=\u00bb344&#8243; img_size=\u00bbfull\u00bb alignment=\u00bbcenter\u00bb][vc_single_image image=\u00bb392&#8243; img_size=\u00bbfull\u00bb alignment=\u00bbcenter\u00bb][\/vc_column][\/vc_row]<\/p>\n","protected":false},"excerpt":{"rendered":"<p>[vc_row full_width=\u00bbstretch_row_content_no_spaces\u00bb content_placement=\u00bbmiddle\u00bb bg_type=\u00bbimage\u00bb parallax_style=\u00bbvcpb-default\u00bb bg_image_repeat=\u00bbno-repeat\u00bb bg_image_size=\u00bbinitial\u00bb bg_img_attach=\u00bbfixed\u00bb bg_override=\u00bbfull\u00bb animation_type=\u00bbh\u00bb horizontal_animation=\u00bbleft-animation\u00bb vertical_animation=\u00bbtop-animation\u00bb disable_on_mobile=\u00bbdisable_on_mobile_value\u00bb][vc_column][vc_single_image image=\u00bb413&#8243; img_size=\u00bbfull\u00bb alignment=\u00bbcenter\u00bb][\/vc_column][\/vc_row][vc_row][vc_column][vc_column_text] Eu ofere\u00e7o tours tem\u00e1ticos para capturar sua imagina\u00e7\u00e3o: [\/vc_column_text][vc_row_inner][vc_column_inner][vc_column_text] Viajar com crian\u00e7as: uma caminhada prestando aten\u00e7\u00e3o aos pequenos. Veneza \u00e9 uma cidade \u00absurpresa\u00bb, que deixa as crian\u00e7as maravilhadas na primeira vez que a veem: as casas repousam sobre a [&hellip;]<\/p>\n","protected":false},"author":2,"featured_media":0,"parent":21,"menu_order":0,"comment_status":"closed","ping_status":"closed","template":"","meta":{"_genesis_hide_title":false,"_genesis_hide_breadcrumbs":false,"_genesis_hide_singular_image":false,"_genesis_hide_footer_widgets":false,"_genesis_custom_body_class":"","_genesis_custom_post_class":"","_genesis_layout":"full-width-content","footnotes":""},"class_list":{"0":"post-123","1":"page","2":"type-page","3":"status-publish","5":"entry"},"_links":{"self":[{"href":"https:\/\/francescozanchi.com\/br\/wp-json\/wp\/v2\/pages\/123","targetHints":{"allow":["GET"]}}],"collection":[{"href":"https:\/\/francescozanchi.com\/br\/wp-json\/wp\/v2\/pages"}],"about":[{"href":"https:\/\/francescozanchi.com\/br\/wp-json\/wp\/v2\/types\/page"}],"author":[{"embeddable":true,"href":"https:\/\/francescozanchi.com\/br\/wp-json\/wp\/v2\/users\/2"}],"replies":[{"embeddable":true,"href":"https:\/\/francescozanchi.com\/br\/wp-json\/wp\/v2\/comments?post=123"}],"version-history":[{"count":36,"href":"https:\/\/francescozanchi.com\/br\/wp-json\/wp\/v2\/pages\/123\/revisions"}],"predecessor-version":[{"id":545,"href":"https:\/\/francescozanchi.com\/br\/wp-json\/wp\/v2\/pages\/123\/revisions\/545"}],"up":[{"embeddable":true,"href":"https:\/\/francescozanchi.com\/br\/wp-json\/wp\/v2\/pages\/21"}],"wp:attachment":[{"href":"https:\/\/francescozanchi.com\/br\/wp-json\/wp\/v2\/media?parent=123"}],"curies":[{"name":"wp","href":"https:\/\/api.w.org\/{rel}","templated":true}]}}