{"id":125,"date":"2019-05-01T18:44:25","date_gmt":"2019-05-01T16:44:25","guid":{"rendered":"https:\/\/francescozanchi.com\/br\/?page_id=125"},"modified":"2020-12-27T09:03:08","modified_gmt":"2020-12-27T08:03:08","slug":"passeios-de-barco","status":"publish","type":"page","link":"https:\/\/francescozanchi.com\/br\/tours\/passeios-de-barco\/","title":{"rendered":"Passeios de barco"},"content":{"rendered":"<p>[vc_row full_width=\u00bbstretch_row_content_no_spaces\u00bb content_placement=\u00bbmiddle\u00bb bg_type=\u00bbimage\u00bb parallax_style=\u00bbvcpb-default\u00bb bg_image_repeat=\u00bbno-repeat\u00bb bg_image_size=\u00bbinitial\u00bb bg_img_attach=\u00bbfixed\u00bb bg_override=\u00bbfull\u00bb animation_type=\u00bbh\u00bb horizontal_animation=\u00bbleft-animation\u00bb vertical_animation=\u00bbtop-animation\u00bb disable_on_mobile=\u00bbdisable_on_mobile_value\u00bb][vc_column][vc_single_image image=\u00bb316&#8243; img_size=\u00bbfull\u00bb alignment=\u00bbcenter\u00bb][\/vc_column][\/vc_row][vc_row][vc_column]<div id=\"ultimate-heading-526169f8a2dd9181d\" class=\"uvc-heading ult-adjust-bottom-margin ultimate-heading-526169f8a2dd9181d uvc-2025 \" data-hspacer=\"line_only\"  data-halign=\"center\" style=\"text-align:center\"><div class=\"uvc-main-heading ult-responsive\"  data-ultimate-target='.uvc-heading.ultimate-heading-526169f8a2dd9181d h2'  data-responsive-json-new='{\"font-size\":\"desktop:30px;\",\"line-height\":\"\"}' ><h2 style=\"font-weight:bold;\">Passeios de barco<\/h2><\/div><div class=\"uvc-heading-spacer line_only\" style=\"margin-top:15px;margin-bottom:25px;height:1px;\"><span class=\"uvc-headings-line\" style=\"border-style:solid;border-bottom-width:1px;border-color:#000000;width:80px;\"><\/span><\/div><\/div>[vc_column_text]<\/p>\n<p style=\"text-align: center;\"><span lang=\"PT-BR\">Excurs\u00f5es de lancha privada ou de barco a remos para descobrir as melhores paisagens de Veneza atrav\u00e9s do Grande Canal e dos canais interiores e para descobrir as ilhas da sua laguna.\u00a0S\u00f3 assim poderemos sentir a atmosfera especial que surge da comunh\u00e3o entre \u00e1gua, c\u00e9u e arquitetura.<\/span><\/p>\n<p>[\/vc_column_text][vc_row_inner][vc_column_inner]<div id=\"ultimate-heading-708569f8a2dd918bb\" class=\"uvc-heading ult-adjust-bottom-margin ultimate-heading-708569f8a2dd918bb uvc-1476 \" data-hspacer=\"no_spacer\"  data-halign=\"center\" style=\"text-align:center\"><div class=\"uvc-heading-spacer no_spacer\" style=\"top\"><\/div><div class=\"uvc-main-heading ult-responsive\"  data-ultimate-target='.uvc-heading.ultimate-heading-708569f8a2dd918bb h2'  data-responsive-json-new='{\"font-size\":\"\",\"line-height\":\"\"}' ><h2 style=\"font-weight:normal;\">Escolha o seu tour:<\/h2><\/div><\/div>[vc_column_text]<\/p>\n<ol>\n<li><b><span lang=\"PT-BR\">Canal Grande e canais menores<\/span><\/b><span lang=\"PT-BR\">: excurs\u00f5es para descobrir Veneza atrav\u00e9s do Grande Canal, a nossa avenida (com cerca de 4 Km), que atravessa a cidade em forma de \u201cS\u201d invertido; e atrav\u00e9s dos canais interiores para descobrir uma atmosfera mais aut\u00eantica. Ao percorrermos o Canal Grande e os canais menores temos a possibilidade de apreciar os recantos mais belos da cidade, uma vez que muitos dos pal\u00e1cios de prest\u00edgio se encontram ao longo das suas margens.<\/span>&nbsp;<\/li>\n<li><b><span lang=\"PT-BR\">Ilhas<\/span><\/b><span lang=\"PT-BR\">: descubra a laguna veneziana com as suas ilhas: Torcello, o primeiro n\u00facleo de Veneza; <\/span><span lang=\"PT-BR\">Murano, onde \u00e0 atividade vidreira, que deu a ilha fama mundial, tem origem muito antiga; Burano, famosa pelos bordados e as suas casas de cores vivas; ou as outras in\u00fameras ilhas espalhadas por toda a laguna.<\/span>&nbsp;<\/li>\n<\/ol>\n<p>[\/vc_column_text][\/vc_column_inner][\/vc_row_inner][\/vc_column][\/vc_row][vc_row][vc_column width=\u00bb1\/3&#8243;][vc_single_image image=\u00bb410&#8243; img_size=\u00bbfull\u00bb alignment=\u00bbcenter\u00bb][vc_single_image image=\u00bb402&#8243; img_size=\u00bbfull\u00bb alignment=\u00bbcenter\u00bb][\/vc_column][vc_column width=\u00bb1\/3&#8243;][vc_single_image image=\u00bb398&#8243; img_size=\u00bbfull\u00bb alignment=\u00bbcenter\u00bb][vc_single_image image=\u00bb404&#8243; img_size=\u00bbfull\u00bb alignment=\u00bbcenter\u00bb][\/vc_column][vc_column width=\u00bb1\/3&#8243;][vc_single_image image=\u00bb415&#8243; img_size=\u00bbfull\u00bb alignment=\u00bbcenter\u00bb][vc_single_image image=\u00bb400&#8243; img_size=\u00bbfull\u00bb alignment=\u00bbcenter\u00bb][\/vc_column][\/vc_row]<\/p>\n","protected":false},"excerpt":{"rendered":"<p>[vc_row full_width=\u00bbstretch_row_content_no_spaces\u00bb content_placement=\u00bbmiddle\u00bb bg_type=\u00bbimage\u00bb parallax_style=\u00bbvcpb-default\u00bb bg_image_repeat=\u00bbno-repeat\u00bb bg_image_size=\u00bbinitial\u00bb bg_img_attach=\u00bbfixed\u00bb bg_override=\u00bbfull\u00bb animation_type=\u00bbh\u00bb horizontal_animation=\u00bbleft-animation\u00bb vertical_animation=\u00bbtop-animation\u00bb disable_on_mobile=\u00bbdisable_on_mobile_value\u00bb][vc_column][vc_single_image image=\u00bb316&#8243; img_size=\u00bbfull\u00bb alignment=\u00bbcenter\u00bb][\/vc_column][\/vc_row][vc_row][vc_column][vc_column_text] Excurs\u00f5es de lancha privada ou de barco a remos para descobrir as melhores paisagens de Veneza atrav\u00e9s do Grande Canal e dos canais interiores e para descobrir as ilhas da sua laguna.\u00a0S\u00f3 assim poderemos sentir a atmosfera especial que [&hellip;]<\/p>\n","protected":false},"author":2,"featured_media":0,"parent":21,"menu_order":0,"comment_status":"closed","ping_status":"closed","template":"","meta":{"_genesis_hide_title":false,"_genesis_hide_breadcrumbs":false,"_genesis_hide_singular_image":false,"_genesis_hide_footer_widgets":false,"_genesis_custom_body_class":"","_genesis_custom_post_class":"","_genesis_layout":"full-width-content","footnotes":""},"class_list":{"0":"post-125","1":"page","2":"type-page","3":"status-publish","5":"entry"},"_links":{"self":[{"href":"https:\/\/francescozanchi.com\/br\/wp-json\/wp\/v2\/pages\/125","targetHints":{"allow":["GET"]}}],"collection":[{"href":"https:\/\/francescozanchi.com\/br\/wp-json\/wp\/v2\/pages"}],"about":[{"href":"https:\/\/francescozanchi.com\/br\/wp-json\/wp\/v2\/types\/page"}],"author":[{"embeddable":true,"href":"https:\/\/francescozanchi.com\/br\/wp-json\/wp\/v2\/users\/2"}],"replies":[{"embeddable":true,"href":"https:\/\/francescozanchi.com\/br\/wp-json\/wp\/v2\/comments?post=125"}],"version-history":[{"count":32,"href":"https:\/\/francescozanchi.com\/br\/wp-json\/wp\/v2\/pages\/125\/revisions"}],"predecessor-version":[{"id":537,"href":"https:\/\/francescozanchi.com\/br\/wp-json\/wp\/v2\/pages\/125\/revisions\/537"}],"up":[{"embeddable":true,"href":"https:\/\/francescozanchi.com\/br\/wp-json\/wp\/v2\/pages\/21"}],"wp:attachment":[{"href":"https:\/\/francescozanchi.com\/br\/wp-json\/wp\/v2\/media?parent=125"}],"curies":[{"name":"wp","href":"https:\/\/api.w.org\/{rel}","templated":true}]}}