{"id":18,"date":"2019-03-20T21:26:32","date_gmt":"2019-03-20T20:26:32","guid":{"rendered":"https:\/\/francescozanchi.com\/br\/?page_id=18"},"modified":"2020-12-19T11:24:50","modified_gmt":"2020-12-19T10:24:50","slug":"sobre-mim","status":"publish","type":"page","link":"https:\/\/francescozanchi.com\/br\/sobre-mim\/","title":{"rendered":"Sobre mim"},"content":{"rendered":"<p>[vc_row][vc_column]<div class=\"ult-spacer spacer-69f8a29adcb2c\" data-id=\"69f8a29adcb2c\" data-height=\"40\" data-height-mobile=\"40\" data-height-tab=\"40\" data-height-tab-portrait=\"\" data-height-mobile-landscape=\"\" style=\"clear:both;display:block;\"><\/div>[\/vc_column][\/vc_row][vc_row][vc_column width=\u00bb1\/2&#8243;][vc_single_image image=\u00bb279&#8243; img_size=\u00bbfull\u00bb alignment=\u00bbcenter\u00bb][\/vc_column][vc_column width=\u00bb1\/2&#8243;][vc_column_text]Nascido e criado em Veneza, adoro a minha cidade e quero compartilhar a minha paix\u00e3o por esse lugar \u00fanico com voc\u00eas.<\/p>\n<p>Sou um guia de turismo oficial e autorizado na cidade de Veneza para realizar passeios em ingl\u00eas, espanhol, portugu\u00eas e italiano.<\/p>\n<p>Trabalhei em diferentes setores da ind\u00fastria de turismo em Bruxelas e em Edimburgo e finalmente parei e descobri o que realmente amo: arte, hist\u00f3ria, a minha cidade, estar em contato com pessoas&#8230; e encontrei um trabalho maravilhoso.<\/p>\n<p>Seja sua primeira ou mil\u00e9sima visita a Veneza, deixe-me mostrar essa cidade com novos olhos, de passeios cl\u00e1ssicos a lugares diferentes e peculiares. Veneza \u00e9 uma cidade que pode ser visitada de varias formas: eu fa\u00e7o v\u00e1rios roteiros, ofere\u00e7o museus (como o Pal\u00e1cio Ducal, a Accademia, a Guggenheim\u2026) e tamb\u00e9m roteiros a p\u00e9 (como pelos diferentes bairros): tem muitos porqu\u00eas Veneza \u00e9 uma cidade onde cada cantinho tem sua hist\u00f3ria.<\/p>\n<p>Junte-se a mim para descobrir a beleza de Veneza![\/vc_column_text][vc_btn title=\u00bbContato\u00bb shape=\u00bbsquare\u00bb color=\u00bbblack\u00bb align=\u00bbleft\u00bb link=\u00bburl:https%3A%2F%2Ffrancescozanchi.com%2Fbr%2Fcontato%2F|title:Contacto||\u00bb][\/vc_column][\/vc_row]<\/p>\n","protected":false},"excerpt":{"rendered":"<p>[vc_row][vc_column][\/vc_column][\/vc_row][vc_row][vc_column width=\u00bb1\/2&#8243;][vc_single_image image=\u00bb279&#8243; img_size=\u00bbfull\u00bb alignment=\u00bbcenter\u00bb][\/vc_column][vc_column width=\u00bb1\/2&#8243;][vc_column_text]Nascido e criado em Veneza, adoro a minha cidade e quero compartilhar a minha paix\u00e3o por esse lugar \u00fanico com voc\u00eas. Sou um guia de turismo oficial e autorizado na cidade de Veneza para realizar passeios em ingl\u00eas, espanhol, portugu\u00eas e italiano. Trabalhei em diferentes setores da ind\u00fastria de turismo [&hellip;]<\/p>\n","protected":false},"author":1,"featured_media":0,"parent":0,"menu_order":0,"comment_status":"closed","ping_status":"closed","template":"","meta":{"_genesis_hide_title":false,"_genesis_hide_breadcrumbs":false,"_genesis_hide_singular_image":false,"_genesis_hide_footer_widgets":false,"_genesis_custom_body_class":"","_genesis_custom_post_class":"","_genesis_layout":"full-width-content","footnotes":""},"class_list":{"0":"post-18","1":"page","2":"type-page","3":"status-publish","5":"entry"},"_links":{"self":[{"href":"https:\/\/francescozanchi.com\/br\/wp-json\/wp\/v2\/pages\/18","targetHints":{"allow":["GET"]}}],"collection":[{"href":"https:\/\/francescozanchi.com\/br\/wp-json\/wp\/v2\/pages"}],"about":[{"href":"https:\/\/francescozanchi.com\/br\/wp-json\/wp\/v2\/types\/page"}],"author":[{"embeddable":true,"href":"https:\/\/francescozanchi.com\/br\/wp-json\/wp\/v2\/users\/1"}],"replies":[{"embeddable":true,"href":"https:\/\/francescozanchi.com\/br\/wp-json\/wp\/v2\/comments?post=18"}],"version-history":[{"count":21,"href":"https:\/\/francescozanchi.com\/br\/wp-json\/wp\/v2\/pages\/18\/revisions"}],"predecessor-version":[{"id":533,"href":"https:\/\/francescozanchi.com\/br\/wp-json\/wp\/v2\/pages\/18\/revisions\/533"}],"wp:attachment":[{"href":"https:\/\/francescozanchi.com\/br\/wp-json\/wp\/v2\/media?parent=18"}],"curies":[{"name":"wp","href":"https:\/\/api.w.org\/{rel}","templated":true}]}}