{"id":21,"date":"2019-03-20T21:26:46","date_gmt":"2019-03-20T20:26:46","guid":{"rendered":"https:\/\/francescozanchi.com\/br\/?page_id=21"},"modified":"2020-01-27T22:34:03","modified_gmt":"2020-01-27T21:34:03","slug":"tours","status":"publish","type":"page","link":"https:\/\/francescozanchi.com\/br\/tours\/","title":{"rendered":"Tours"},"content":{"rendered":"<p>[vc_row][vc_column]<div class=\"ult-spacer spacer-69f8a29b33019\" data-id=\"69f8a29b33019\" data-height=\"50\" data-height-mobile=\"30\" data-height-tab=\"40\" data-height-tab-portrait=\"40\" data-height-mobile-landscape=\"40\" style=\"clear:both;display:block;\"><\/div>[vc_column_text]<\/p>\n<p style=\"text-align: center;\"><span lang=\"PT-BR\">Quem caminha pelo centro hist\u00f3rico e arredores de Veneza muitas vezes tem a sensa\u00e7\u00e3o de passear por uma galeria a c\u00e9u aberto.<\/span><\/p>\n<p>[\/vc_column_text][\/vc_column][\/vc_row][vc_row][vc_column width=\u00bb1\/3&#8243;][vc_single_image image=\u00bb69&#8243; img_size=\u00bb375&#215;250&#8243; alignment=\u00bbcenter\u00bb onclick=\u00bbcustom_link\u00bb link=\u00bbhttps:\/\/francescozanchi.com\/br\/tours\/veneza-monumental\/\u00bb css=\u00bb.vc_custom_1580137616352{margin-bottom: 0px !important;}\u00bb][vc_custom_heading text=\u00bbVeneza monumental\u00bb font_container=\u00bbtag:h2|text_align:center\u00bb use_theme_fonts=\u00bbyes\u00bb link=\u00bburl:https%3A%2F%2Ffrancescozanchi.com%2Fbr%2Ftours%2Fveneza-monumental%2F|title:Venecia%20Monumental||\u00bb][vc_separator color=\u00bbblack\u00bb el_width=\u00bb20&#8243;][\/vc_column][vc_column width=\u00bb1\/3&#8243;][vc_single_image image=\u00bb431&#8243; img_size=\u00bb375&#215;250&#8243; alignment=\u00bbcenter\u00bb onclick=\u00bbcustom_link\u00bb link=\u00bbhttps:\/\/francescozanchi.com\/br\/tours\/veneza-secreta\/\u00bb css=\u00bb.vc_custom_1580151052834{margin-bottom: 0px !important;}\u00bb][vc_custom_heading text=\u00bbVeneza secreta\u00bb font_container=\u00bbtag:h2|text_align:center\u00bb use_theme_fonts=\u00bbyes\u00bb link=\u00bburl:https%3A%2F%2Ffrancescozanchi.com%2Fbr%2Ftours%2Fveneza-secreta%2F|title:Veneza%20secreta||\u00bb][vc_separator color=\u00bbblack\u00bb el_width=\u00bb20&#8243;][\/vc_column][vc_column width=\u00bb1\/3&#8243;][vc_single_image image=\u00bb157&#8243; img_size=\u00bb375&#215;250&#8243; alignment=\u00bbcenter\u00bb onclick=\u00bbcustom_link\u00bb link=\u00bbhttps:\/\/francescozanchi.com\/br\/tours\/palacios-museus-e-igrejas\/\u00bb css=\u00bb.vc_custom_1580159783780{margin-bottom: 0px !important;}\u00bb][vc_custom_heading text=\u00bbPal\u00e1cios, museus e igrejas\u00bb font_container=\u00bbtag:h2|text_align:center\u00bb use_theme_fonts=\u00bbyes\u00bb link=\u00bburl:https%3A%2F%2Ffrancescozanchi.com%2Fbr%2Ftours%2Fpalacios-museus-e-igrejas%2F|title:Pal%C3%A1cios%2C%20museus%20e%20igrejas||\u00bb][vc_separator color=\u00bbblack\u00bb el_width=\u00bb20&#8243;][\/vc_column][\/vc_row][vc_row][vc_column width=\u00bb1\/3&#8243;][vc_single_image image=\u00bb428&#8243; img_size=\u00bb375&#215;250&#8243; alignment=\u00bbcenter\u00bb onclick=\u00bbcustom_link\u00bb link=\u00bbhttps:\/\/francescozanchi.com\/br\/tours\/passeios-especiais\/\u00bb css=\u00bb.vc_custom_1580160069704{margin-bottom: 0px !important;}\u00bb][vc_custom_heading text=\u00bbPasseios especiais\u00bb font_container=\u00bbtag:h2|text_align:center\u00bb use_theme_fonts=\u00bbyes\u00bb link=\u00bburl:https%3A%2F%2Ffrancescozanchi.com%2Fbr%2Ftours%2Fpasseios-especiais%2F|title:Passeios%20especiais||\u00bb][vc_separator color=\u00bbblack\u00bb el_width=\u00bb20&#8243;][\/vc_column][vc_column width=\u00bb1\/3&#8243;][vc_single_image image=\u00bb417&#8243; img_size=\u00bb375&#215;250&#8243; alignment=\u00bbcenter\u00bb onclick=\u00bbcustom_link\u00bb link=\u00bbhttps:\/\/francescozanchi.com\/br\/tours\/passeios-de-barco\/\u00bb css=\u00bb.vc_custom_1580160442441{margin-bottom: 0px !important;}\u00bb][vc_custom_heading text=\u00bbPasseios de barco\u00bb font_container=\u00bbtag:h2|text_align:center\u00bb use_theme_fonts=\u00bbyes\u00bb link=\u00bburl:https%3A%2F%2Ffrancescozanchi.com%2Fbr%2Ftours%2Fpasseios-de-barco%2F|title:Passeios%20de%20barco||\u00bb][vc_separator color=\u00bbblack\u00bb el_width=\u00bb20&#8243;][\/vc_column][vc_column width=\u00bb1\/3&#8243;][vc_single_image image=\u00bb60&#8243; img_size=\u00bb375&#215;250&#8243; alignment=\u00bbcenter\u00bb onclick=\u00bbcustom_link\u00bb link=\u00bbhttps:\/\/francescozanchi.com\/br\/tours\/passeios-personalizados\/\u00bb css=\u00bb.vc_custom_1580160805468{margin-bottom: 0px !important;}\u00bb][vc_custom_heading text=\u00bbPasseios personalizados\u00bb font_container=\u00bbtag:h2|text_align:center\u00bb use_theme_fonts=\u00bbyes\u00bb link=\u00bburl:https%3A%2F%2Ffrancescozanchi.com%2Fbr%2Ftours%2Fpasseios-personalizados%2F|title:Passeios%20personalizados||\u00bb][vc_separator color=\u00bbblack\u00bb el_width=\u00bb20&#8243;][\/vc_column][\/vc_row]<\/p>\n","protected":false},"excerpt":{"rendered":"<p>[vc_row][vc_column][vc_column_text] Quem caminha pelo centro hist\u00f3rico e arredores de Veneza muitas vezes tem a sensa\u00e7\u00e3o de passear por uma galeria a c\u00e9u aberto. [\/vc_column_text][\/vc_column][\/vc_row][vc_row][vc_column width=\u00bb1\/3&#8243;][vc_single_image image=\u00bb69&#8243; img_size=\u00bb375&#215;250&#8243; alignment=\u00bbcenter\u00bb onclick=\u00bbcustom_link\u00bb link=\u00bbhttps:\/\/francescozanchi.com\/br\/tours\/veneza-monumental\/\u00bb css=\u00bb.vc_custom_1580137616352{margin-bottom: 0px !important;}\u00bb][vc_custom_heading text=\u00bbVeneza monumental\u00bb font_container=\u00bbtag:h2|text_align:center\u00bb use_theme_fonts=\u00bbyes\u00bb link=\u00bburl:https%3A%2F%2Ffrancescozanchi.com%2Fbr%2Ftours%2Fveneza-monumental%2F|title:Venecia%20Monumental||\u00bb][vc_separator color=\u00bbblack\u00bb el_width=\u00bb20&#8243;][\/vc_column][vc_column width=\u00bb1\/3&#8243;][vc_single_image image=\u00bb431&#8243; img_size=\u00bb375&#215;250&#8243; alignment=\u00bbcenter\u00bb onclick=\u00bbcustom_link\u00bb link=\u00bbhttps:\/\/francescozanchi.com\/br\/tours\/veneza-secreta\/\u00bb css=\u00bb.vc_custom_1580151052834{margin-bottom: 0px !important;}\u00bb][vc_custom_heading text=\u00bbVeneza secreta\u00bb font_container=\u00bbtag:h2|text_align:center\u00bb use_theme_fonts=\u00bbyes\u00bb link=\u00bburl:https%3A%2F%2Ffrancescozanchi.com%2Fbr%2Ftours%2Fveneza-secreta%2F|title:Veneza%20secreta||\u00bb][vc_separator color=\u00bbblack\u00bb [&hellip;]<\/p>\n","protected":false},"author":1,"featured_media":0,"parent":0,"menu_order":0,"comment_status":"closed","ping_status":"closed","template":"","meta":{"_genesis_hide_title":false,"_genesis_hide_breadcrumbs":false,"_genesis_hide_singular_image":false,"_genesis_hide_footer_widgets":false,"_genesis_custom_body_class":"","_genesis_custom_post_class":"","_genesis_layout":"full-width-content","footnotes":""},"class_list":{"0":"post-21","1":"page","2":"type-page","3":"status-publish","5":"entry"},"_links":{"self":[{"href":"https:\/\/francescozanchi.com\/br\/wp-json\/wp\/v2\/pages\/21","targetHints":{"allow":["GET"]}}],"collection":[{"href":"https:\/\/francescozanchi.com\/br\/wp-json\/wp\/v2\/pages"}],"about":[{"href":"https:\/\/francescozanchi.com\/br\/wp-json\/wp\/v2\/types\/page"}],"author":[{"embeddable":true,"href":"https:\/\/francescozanchi.com\/br\/wp-json\/wp\/v2\/users\/1"}],"replies":[{"embeddable":true,"href":"https:\/\/francescozanchi.com\/br\/wp-json\/wp\/v2\/comments?post=21"}],"version-history":[{"count":20,"href":"https:\/\/francescozanchi.com\/br\/wp-json\/wp\/v2\/pages\/21\/revisions"}],"predecessor-version":[{"id":489,"href":"https:\/\/francescozanchi.com\/br\/wp-json\/wp\/v2\/pages\/21\/revisions\/489"}],"wp:attachment":[{"href":"https:\/\/francescozanchi.com\/br\/wp-json\/wp\/v2\/media?parent=21"}],"curies":[{"name":"wp","href":"https:\/\/api.w.org\/{rel}","templated":true}]}}