{"id":109,"date":"2019-05-01T18:06:57","date_gmt":"2019-05-01T16:06:57","guid":{"rendered":"https:\/\/francescozanchi.com\/es\/?page_id=109"},"modified":"2020-12-27T08:57:15","modified_gmt":"2020-12-27T07:57:15","slug":"venecia-monumental","status":"publish","type":"page","link":"https:\/\/francescozanchi.com\/es\/tours\/venecia-monumental\/","title":{"rendered":"Venecia Monumental"},"content":{"rendered":"<p>[vc_row full_width=\u00bbstretch_row_content_no_spaces\u00bb content_placement=\u00bbmiddle\u00bb bg_type=\u00bbimage\u00bb parallax_style=\u00bbvcpb-default\u00bb bg_image_repeat=\u00bbno-repeat\u00bb bg_image_size=\u00bbinitial\u00bb bg_img_attach=\u00bbfixed\u00bb bg_override=\u00bbfull\u00bb animation_type=\u00bbh\u00bb horizontal_animation=\u00bbleft-animation\u00bb vertical_animation=\u00bbtop-animation\u00bb disable_on_mobile=\u00bbdisable_on_mobile_value\u00bb][vc_column][vc_single_image image=\u00bb366&#8243; img_size=\u00bbfull\u00bb alignment=\u00bbcenter\u00bb][\/vc_column][\/vc_row][vc_row][vc_column]<div id=\"ultimate-heading-30469f9cb1a7ad73\" class=\"uvc-heading ult-adjust-bottom-margin ultimate-heading-30469f9cb1a7ad73 uvc-7033 \" data-hspacer=\"line_only\"  data-halign=\"center\" style=\"text-align:center\"><div class=\"uvc-main-heading ult-responsive\"  data-ultimate-target='.uvc-heading.ultimate-heading-30469f9cb1a7ad73 h2'  data-responsive-json-new='{\"font-size\":\"desktop:30px;\",\"line-height\":\"\"}' ><h2 style=\"font-weight:bold;\">Venecia Monumental<\/h2><\/div><div class=\"uvc-heading-spacer line_only\" style=\"margin-top:15px;margin-bottom:25px;height:1px;\"><span class=\"uvc-headings-line\" style=\"border-style:solid;border-bottom-width:1px;border-color:#000000;width:80px;\"><\/span><\/div><\/div>[vc_column_text]<\/p>\n<p style=\"text-align: center;\">Descubrimos la entrada monumental de la ciudad, el verdadero coraz\u00f3n de Venecia: el centro pol\u00edtico, religioso y cultural. Dos propuestas cl\u00e1sicas de paseos a pie son la Plaza de San Marcos con sus monumentos y el barrio de San Marcos.<\/p>\n<p>[\/vc_column_text][vc_row_inner][vc_column_inner]<div id=\"ultimate-heading-1769f9cb1a7adf7\" class=\"uvc-heading ult-adjust-bottom-margin ultimate-heading-1769f9cb1a7adf7 uvc-569 \" data-hspacer=\"no_spacer\"  data-halign=\"center\" style=\"text-align:center\"><div class=\"uvc-heading-spacer no_spacer\" style=\"top\"><\/div><div class=\"uvc-main-heading ult-responsive\"  data-ultimate-target='.uvc-heading.ultimate-heading-1769f9cb1a7adf7 h2'  data-responsive-json-new='{\"font-size\":\"\",\"line-height\":\"\"}' ><h2 style=\"font-weight:normal;\">Elige tu Tour<\/h2><\/div><\/div>[vc_column_text]<\/p>\n<ol>\n<li><strong>Plaza de San Marcos<\/strong>: todo alrededor est\u00e1 hecho para impresionar, es aqu\u00ed que tenemos los monumentos m\u00e1s emblem\u00e1ticos, como el Palacio Ducal, la Bas\u00edlica de San Marcos, la Torre del Reloj, el Campanario, la Biblioteca Marciana, etc. Merece la pena entrar en el Palacio Ducal, que era el hogar del doge y sede de todas las dependencias del gobierno, incluidas las prisiones que podemos visitar cruzando el famoso Puente de los Suspiros. Imprescindible tambi\u00e9n es la visita a la bizantina Bas\u00edlica de San Marcos, el alma de la ciudad con sus cinco c\u00fapulas, sus mosaicos de oro y el cuerpo del santo patrono.<\/li>\n<li><strong>Barrio San Marcos<\/strong>: Un paseo por el distrito que lleva el nombre del santo patrono, San Marcos: lo que se esconde m\u00e1s all\u00e1 de la plaza, los rincones secretos del barrio, como el teatro de la \u00f3pera\u00a0La Fenice\u201d, uno de los principales teatros de \u00f3pera del mundo, como la extraordinaria escalera de caracol \u201cbovolo\u201d del Palazzo Contarini o como el apartado campo San Beneto con el palacio del artista ecl\u00e9ctico Mariano Fortuny.<\/li>\n<\/ol>\n<p>[\/vc_column_text][\/vc_column_inner][\/vc_row_inner][\/vc_column][\/vc_row][vc_row][vc_column width=\u00bb1\/3&#8243;][vc_single_image image=\u00bb330&#8243; img_size=\u00bbfull\u00bb alignment=\u00bbcenter\u00bb][vc_single_image image=\u00bb372&#8243; img_size=\u00bbfull\u00bb alignment=\u00bbcenter\u00bb][\/vc_column][vc_column width=\u00bb1\/3&#8243;][vc_single_image image=\u00bb368&#8243; img_size=\u00bbfull\u00bb alignment=\u00bbcenter\u00bb][vc_single_image image=\u00bb69&#8243; img_size=\u00bbfull\u00bb alignment=\u00bbcenter\u00bb][\/vc_column][vc_column width=\u00bb1\/3&#8243;][vc_single_image image=\u00bb370&#8243; img_size=\u00bbfull\u00bb alignment=\u00bbcenter\u00bb][vc_single_image image=\u00bb376&#8243; img_size=\u00bbfull\u00bb alignment=\u00bbcenter\u00bb][\/vc_column][\/vc_row]<\/p>\n","protected":false},"excerpt":{"rendered":"<p>[vc_row full_width=\u00bbstretch_row_content_no_spaces\u00bb content_placement=\u00bbmiddle\u00bb bg_type=\u00bbimage\u00bb parallax_style=\u00bbvcpb-default\u00bb bg_image_repeat=\u00bbno-repeat\u00bb bg_image_size=\u00bbinitial\u00bb bg_img_attach=\u00bbfixed\u00bb bg_override=\u00bbfull\u00bb animation_type=\u00bbh\u00bb horizontal_animation=\u00bbleft-animation\u00bb vertical_animation=\u00bbtop-animation\u00bb disable_on_mobile=\u00bbdisable_on_mobile_value\u00bb][vc_column][vc_single_image image=\u00bb366&#8243; img_size=\u00bbfull\u00bb alignment=\u00bbcenter\u00bb][\/vc_column][\/vc_row][vc_row][vc_column][vc_column_text] Descubrimos la entrada monumental de la ciudad, el verdadero coraz\u00f3n de Venecia: el centro pol\u00edtico, religioso y cultural. Dos propuestas cl\u00e1sicas de paseos a pie son la Plaza de San Marcos con sus monumentos y el barrio de San [&hellip;]<\/p>\n","protected":false},"author":2,"featured_media":0,"parent":21,"menu_order":0,"comment_status":"closed","ping_status":"closed","template":"","meta":{"_genesis_hide_title":false,"_genesis_hide_breadcrumbs":false,"_genesis_hide_singular_image":false,"_genesis_hide_footer_widgets":false,"_genesis_custom_body_class":"","_genesis_custom_post_class":"","_genesis_layout":"full-width-content","footnotes":""},"class_list":{"0":"post-109","1":"page","2":"type-page","3":"status-publish","5":"entry"},"_links":{"self":[{"href":"https:\/\/francescozanchi.com\/es\/wp-json\/wp\/v2\/pages\/109","targetHints":{"allow":["GET"]}}],"collection":[{"href":"https:\/\/francescozanchi.com\/es\/wp-json\/wp\/v2\/pages"}],"about":[{"href":"https:\/\/francescozanchi.com\/es\/wp-json\/wp\/v2\/types\/page"}],"author":[{"embeddable":true,"href":"https:\/\/francescozanchi.com\/es\/wp-json\/wp\/v2\/users\/2"}],"replies":[{"embeddable":true,"href":"https:\/\/francescozanchi.com\/es\/wp-json\/wp\/v2\/comments?post=109"}],"version-history":[{"count":41,"href":"https:\/\/francescozanchi.com\/es\/wp-json\/wp\/v2\/pages\/109\/revisions"}],"predecessor-version":[{"id":520,"href":"https:\/\/francescozanchi.com\/es\/wp-json\/wp\/v2\/pages\/109\/revisions\/520"}],"up":[{"embeddable":true,"href":"https:\/\/francescozanchi.com\/es\/wp-json\/wp\/v2\/pages\/21"}],"wp:attachment":[{"href":"https:\/\/francescozanchi.com\/es\/wp-json\/wp\/v2\/media?parent=109"}],"curies":[{"name":"wp","href":"https:\/\/api.w.org\/{rel}","templated":true}]}}