{"id":119,"date":"2019-05-01T18:41:58","date_gmt":"2019-05-01T16:41:58","guid":{"rendered":"https:\/\/francescozanchi.com\/es\/?page_id=119"},"modified":"2020-12-27T08:59:29","modified_gmt":"2020-12-27T07:59:29","slug":"venecia-secreta","status":"publish","type":"page","link":"https:\/\/francescozanchi.com\/es\/tours\/venecia-secreta\/","title":{"rendered":"Venecia Secreta"},"content":{"rendered":"<p>[vc_row full_width=\u00bbstretch_row_content_no_spaces\u00bb content_placement=\u00bbmiddle\u00bb bg_type=\u00bbimage\u00bb parallax_style=\u00bbvcpb-default\u00bb bg_image_repeat=\u00bbno-repeat\u00bb bg_image_size=\u00bbinitial\u00bb bg_img_attach=\u00bbfixed\u00bb bg_override=\u00bbfull\u00bb animation_type=\u00bbh\u00bb horizontal_animation=\u00bbleft-animation\u00bb vertical_animation=\u00bbtop-animation\u00bb disable_on_mobile=\u00bbdisable_on_mobile_value\u00bb][vc_column][vc_single_image image=\u00bb308&#8243; img_size=\u00bbfull\u00bb alignment=\u00bbcenter\u00bb][\/vc_column][\/vc_row][vc_row][vc_column]<div id=\"ultimate-heading-257169f9c9906f2ff\" class=\"uvc-heading ult-adjust-bottom-margin ultimate-heading-257169f9c9906f2ff uvc-1298 \" data-hspacer=\"line_only\"  data-halign=\"center\" style=\"text-align:center\"><div class=\"uvc-main-heading ult-responsive\"  data-ultimate-target='.uvc-heading.ultimate-heading-257169f9c9906f2ff h2'  data-responsive-json-new='{\"font-size\":\"desktop:30px;\",\"line-height\":\"\"}' ><h2 style=\"font-weight:bold;\">Venecia Secreta<\/h2><\/div><div class=\"uvc-heading-spacer line_only\" style=\"margin-top:15px;margin-bottom:25px;height:1px;\"><span class=\"uvc-headings-line\" style=\"border-style:solid;border-bottom-width:1px;border-color:#000000;width:80px;\"><\/span><\/div><\/div>[vc_column_text]<\/p>\n<p style=\"text-align: center;\">La Venecia menor representa el tejido urbano de Venecia: descubran la historia de esta fascinante ciudad a trav\u00e9s de sus estrechas calles, los puentes y sus lugares \u00fanicos. Podr\u00e1s elegir uno de estos paseos para descubrir el tesoro escondido de la ciudad.<\/p>\n<p>[\/vc_column_text]<div id=\"ultimate-heading-453869f9c9906f39c\" class=\"uvc-heading ult-adjust-bottom-margin ultimate-heading-453869f9c9906f39c uvc-5383 \" data-hspacer=\"no_spacer\"  data-halign=\"center\" style=\"text-align:center\"><div class=\"uvc-heading-spacer no_spacer\" style=\"top\"><\/div><div class=\"uvc-main-heading ult-responsive\"  data-ultimate-target='.uvc-heading.ultimate-heading-453869f9c9906f39c h2'  data-responsive-json-new='{\"font-size\":\"\",\"line-height\":\"\"}' ><h2 style=\"font-weight:normal;\">Elige tu Tour<\/h2><\/div><\/div>[vc_column_text]<\/p>\n<ol>\n<li><strong>Canaregio y el \u201cGueto\u201d<\/strong>: <span lang=\"ES-TRAD\">El \u201csestiere\u201d de Canaregio ocupa la parte noroccidental de la ciudad. Es aqu\u00ed donde est\u00e1 la \u201cLista di Spagna\u201d: el lugar alrededor de la embajada espa\u00f1ola que gozaba de inmunidad diplom\u00e1tica. Cerca est\u00e1 la iglesia de San Geremia, que alberga los restos de Santa Luc\u00eda, y el palacio de la familia\u00a0Labia, una adinerada familia de mercaderes catalanes que construyeron un edificio imponente con frescos de Tiepolo. Tambi\u00e9n aqu\u00ed est\u00e1 el \u201cGhetto\u201d (Juder\u00eda): desde el 1516 esta zona fue lugar de residencia de los jud\u00edos que pod\u00edan gozar aqu\u00ed de una relativa seguridad. Finalmente descubriremos un poquito m\u00e1s sobre el viajador veneciano m\u00e1s famoso, Marco Polo, en el \u00e1rea donde viv\u00eda.<\/span><\/li>\n<li><strong>Santa Croce, San Polo y el mercado de Rialto<\/strong>:\u00a0 Santa Croce es el distrito m\u00e1s peque\u00f1o de Venecia pero con algunas \u00e1reas muy interesantes, como la rom\u00e1ntica plaza de San Giacomo dell\u2019Orio\u00a0o la iglesia barroca de San Stae. San Polo es el barrio comercial por excelencia y tambi\u00e9n el nombre de la plaza m\u00e1s grande despu\u00e9s de San Marcos. Es en este barrio donde est\u00e1 el mercado\u00a0de fruta, verdura, pescado y carne, y aqu\u00ed est\u00e1 uno de los s\u00edmbolos de Venecia: el puente de Rialto. Hasta el 1854, momento que se levant\u00f3 el de la Accademia, fue el \u00fanico lugar por donde cruzar el Gran Canal a pie.<\/li>\n<li><strong>Dorsoduro y el \u201csquero di San Trovaso\u201d<\/strong>: <span lang=\"ES-TRAD\">Dorsoduro es el barrio art\u00edstico de la ciudad, con importantes galer\u00edas de arte, iglesias, tiendas particulares, pero tambi\u00e9n la Universidad\u00a0y consecuentemente un poco de movida: la zona de campo Santa Margherita\u00a0es una de las m\u00e1s animadas de Venecia. Merece la pena pasear por le Zattere, que es el largo muelle que da a la isla de Giudecca. Cerca se encuentra uno de los astilleros m\u00e1s antiguo, lo squero de San Trovaso. Los \u00absqueri\u00bb son los talleres donde, con arreglo a antiguas t\u00e9cnicas muy complejas, se reparan y construyen las g\u00f3ndolas.<\/span><\/li>\n<li><strong>Castello y el \u201cArsenale\u201d<\/strong>: <span lang=\"ES-TRAD\">Castello es el sestiere m\u00e1s extenso de Venecia. Es aqu\u00ed donde est\u00e1 la antigua catedral de la ciudad, San Pietro. Tambi\u00e9n aqu\u00ed se encuentra una de las plazas m\u00e1s hermosas de la ciudad, Santi Giovanni e Paolo, con sus importantes monumentos: la enorme iglesia medieval de los Dominicos, la estupenda Scuola Grande di San Marco\u00a0(antigua cofrad\u00eda) y la magn\u00edfica estatua ecuestre del condotiero Colleoni. Tambi\u00e9n podemos encontrar el verdadero parque de la ciudad, Giardini, donde tambi\u00e9n est\u00e1n los pabellones de la Bienal de Venezia. Cerca est\u00e1 el\u00a0Arsenal, que era el astillero naval m\u00e1s grande del mundo, fundado en 1104.<\/span><\/li>\n<li><strong>San Giorgio y Giudecca<\/strong>: <span lang=\"ES-TRAD\">Al otro lado del agua desde la Piazzetta de San Marcos, se distingue como un decorado de teatro la peque\u00f1a isla de San Giorgio Maggiore. La iglesia y refectorio son el trabajo del arquitecto m\u00e1s grande del renacimiento del Veneto, Andrea Palladio. Dentro, las obras de arte m\u00e1s importantes son los dos Tintorettos tard\u00edos de las paredes del presbiterio. Al lado de San Giorgio hay una tira estrecha de tierra curvada muy levemente y separada de la ciudad por un profundo y amplio canal, la Giudecca. Aqu\u00ed est\u00e1 la iglesia del Redentor, obra maestra de Palladio, uno de sus trabajos religiosos m\u00e1s espl\u00e9ndidos y m\u00e1s armoniosos.<\/span><\/li>\n<\/ol>\n<p>[\/vc_column_text][\/vc_column][\/vc_row][vc_row][vc_column width=\u00bb1\/3&#8243;][vc_single_image image=\u00bb336&#8243; img_size=\u00bbfull\u00bb alignment=\u00bbcenter\u00bb][vc_single_image image=\u00bb380&#8243; img_size=\u00bbfull\u00bb alignment=\u00bbcenter\u00bb][\/vc_column][vc_column width=\u00bb1\/3&#8243;][vc_single_image image=\u00bb338&#8243; img_size=\u00bbfull\u00bb alignment=\u00bbcenter\u00bb][vc_single_image image=\u00bb382&#8243; img_size=\u00bbfull\u00bb alignment=\u00bbcenter\u00bb][\/vc_column][vc_column width=\u00bb1\/3&#8243;][vc_single_image image=\u00bb378&#8243; img_size=\u00bbfull\u00bb alignment=\u00bbcenter\u00bb][vc_single_image image=\u00bb334&#8243; img_size=\u00bbfull\u00bb alignment=\u00bbcenter\u00bb][\/vc_column][\/vc_row]<\/p>\n","protected":false},"excerpt":{"rendered":"<p>[vc_row full_width=\u00bbstretch_row_content_no_spaces\u00bb content_placement=\u00bbmiddle\u00bb bg_type=\u00bbimage\u00bb parallax_style=\u00bbvcpb-default\u00bb bg_image_repeat=\u00bbno-repeat\u00bb bg_image_size=\u00bbinitial\u00bb bg_img_attach=\u00bbfixed\u00bb bg_override=\u00bbfull\u00bb animation_type=\u00bbh\u00bb horizontal_animation=\u00bbleft-animation\u00bb vertical_animation=\u00bbtop-animation\u00bb disable_on_mobile=\u00bbdisable_on_mobile_value\u00bb][vc_column][vc_single_image image=\u00bb308&#8243; img_size=\u00bbfull\u00bb alignment=\u00bbcenter\u00bb][\/vc_column][\/vc_row][vc_row][vc_column][vc_column_text] La Venecia menor representa el tejido urbano de Venecia: descubran la historia de esta fascinante ciudad a trav\u00e9s de sus estrechas calles, los puentes y sus lugares \u00fanicos. Podr\u00e1s elegir uno de estos paseos para descubrir el tesoro escondido [&hellip;]<\/p>\n","protected":false},"author":2,"featured_media":0,"parent":21,"menu_order":0,"comment_status":"closed","ping_status":"closed","template":"","meta":{"_genesis_hide_title":false,"_genesis_hide_breadcrumbs":false,"_genesis_hide_singular_image":false,"_genesis_hide_footer_widgets":false,"_genesis_custom_body_class":"","_genesis_custom_post_class":"","_genesis_layout":"full-width-content","footnotes":""},"class_list":{"0":"post-119","1":"page","2":"type-page","3":"status-publish","5":"entry"},"_links":{"self":[{"href":"https:\/\/francescozanchi.com\/es\/wp-json\/wp\/v2\/pages\/119","targetHints":{"allow":["GET"]}}],"collection":[{"href":"https:\/\/francescozanchi.com\/es\/wp-json\/wp\/v2\/pages"}],"about":[{"href":"https:\/\/francescozanchi.com\/es\/wp-json\/wp\/v2\/types\/page"}],"author":[{"embeddable":true,"href":"https:\/\/francescozanchi.com\/es\/wp-json\/wp\/v2\/users\/2"}],"replies":[{"embeddable":true,"href":"https:\/\/francescozanchi.com\/es\/wp-json\/wp\/v2\/comments?post=119"}],"version-history":[{"count":26,"href":"https:\/\/francescozanchi.com\/es\/wp-json\/wp\/v2\/pages\/119\/revisions"}],"predecessor-version":[{"id":523,"href":"https:\/\/francescozanchi.com\/es\/wp-json\/wp\/v2\/pages\/119\/revisions\/523"}],"up":[{"embeddable":true,"href":"https:\/\/francescozanchi.com\/es\/wp-json\/wp\/v2\/pages\/21"}],"wp:attachment":[{"href":"https:\/\/francescozanchi.com\/es\/wp-json\/wp\/v2\/media?parent=119"}],"curies":[{"name":"wp","href":"https:\/\/api.w.org\/{rel}","templated":true}]}}