{"id":121,"date":"2019-05-01T18:43:17","date_gmt":"2019-05-01T16:43:17","guid":{"rendered":"https:\/\/francescozanchi.com\/es\/?page_id=121"},"modified":"2020-12-27T08:58:07","modified_gmt":"2020-12-27T07:58:07","slug":"palacios-museos-e-iglesias","status":"publish","type":"page","link":"https:\/\/francescozanchi.com\/es\/tours\/palacios-museos-e-iglesias\/","title":{"rendered":"Palacios, museos e iglesias"},"content":{"rendered":"<p>[vc_row full_width=\u00bbstretch_row_content_no_spaces\u00bb content_placement=\u00bbmiddle\u00bb bg_type=\u00bbimage\u00bb parallax_style=\u00bbvcpb-default\u00bb bg_image_repeat=\u00bbno-repeat\u00bb bg_image_size=\u00bbinitial\u00bb bg_img_attach=\u00bbfixed\u00bb bg_override=\u00bbfull\u00bb animation_type=\u00bbh\u00bb horizontal_animation=\u00bbleft-animation\u00bb vertical_animation=\u00bbtop-animation\u00bb disable_on_mobile=\u00bbdisable_on_mobile_value\u00bb][vc_column][vc_single_image image=\u00bb313&#8243; img_size=\u00bbfull\u00bb alignment=\u00bbcenter\u00bb][\/vc_column][\/vc_row][vc_row][vc_column]<div id=\"ultimate-heading-912769f9cc5556b6b\" class=\"uvc-heading ult-adjust-bottom-margin ultimate-heading-912769f9cc5556b6b uvc-440 \" data-hspacer=\"line_only\"  data-halign=\"center\" style=\"text-align:center\"><div class=\"uvc-main-heading ult-responsive\"  data-ultimate-target='.uvc-heading.ultimate-heading-912769f9cc5556b6b h2'  data-responsive-json-new='{\"font-size\":\"desktop:30px;\",\"line-height\":\"\"}' ><h2 style=\"font-weight:bold;\">Palacios, museos e iglesias<\/h2><\/div><div class=\"uvc-heading-spacer line_only\" style=\"margin-top:15px;margin-bottom:25px;height:1px;\"><span class=\"uvc-headings-line\" style=\"border-style:solid;border-bottom-width:1px;border-color:#000000;width:80px;\"><\/span><\/div><\/div>[vc_column_text]<\/p>\n<p style=\"text-align: center;\"><span lang=\"ES\">Algunos de los lugares m\u00e1s elegidos por quienes visitan mi ciudad, de entre la gran cantidad de palacios, museos e iglesias, son: Ca\u2019 Rezzonico, Escuela de San Roque, Bas\u00edlica dei Frari, Galer\u00edas de la Academia, Colecci\u00f3n Guggenheim\u2026<\/span><\/p>\n<p>[\/vc_column_text][vc_row_inner][vc_column_inner]<div id=\"ultimate-heading-53269f9cc5556c01\" class=\"uvc-heading ult-adjust-bottom-margin ultimate-heading-53269f9cc5556c01 uvc-5136 \" data-hspacer=\"no_spacer\"  data-halign=\"center\" style=\"text-align:center\"><div class=\"uvc-heading-spacer no_spacer\" style=\"top\"><\/div><div class=\"uvc-main-heading ult-responsive\"  data-ultimate-target='.uvc-heading.ultimate-heading-53269f9cc5556c01 h2'  data-responsive-json-new='{\"font-size\":\"\",\"line-height\":\"\"}' ><h2 style=\"font-weight:normal;\">Elige tu Tour<\/h2><\/div><\/div>[vc_column_text]<\/p>\n<ol>\n<li><strong>Ca\u2019 Rezzonico<\/strong>: alberga el museo de la Venecia del siglo XVIII, con salas cubiertas de frescos, lienzos y objetos de \u00e9poca. Recorriendo sus habitaciones se pueden percibir las condiciones de la vida en estos palacios, as\u00ed que entraremos para conocer el esplendor de la vida ciudadana de la \u00e9poca, un periodo econ\u00f3mico y socialmente irrepetible.<\/li>\n<li><strong>Scuola Grande di San Rocco y Bas\u00edlica dei Frari<\/strong>: en estos dos lugares espectaculares conoceremos una de las principales Cofrad\u00edas de Venecia y una de las m\u00e1s importantes iglesias de la ciudad. La suntuosa Escuela de San Rocco\u00a0es la sede de una de las hermandades m\u00e1s importantes de Venecia y es conocida por la obra cumbre de Tintoretto. Justo al lado hay la enorme iglesia franciscana de los \u201cFrari\u201d, de elegante y sobria majestuosidad, que destaca por la sencillez del interior y la extravagancia de su decoraci\u00f3n en forma de pintura, escultura y monumentos funerarios. Es famosa por obras maestras de Tiziano, Bellini, Donatello\u2026<\/li>\n<li><strong>Galer\u00edas de la Academia<\/strong>: caminando por sus grandes salas se puede apreciar la evoluci\u00f3n de la pintura a trav\u00e9s de los siglos. Desde el g\u00f3tico veneciano (siglo XIV), con sus espl\u00e9ndidas y refinadas obras de fondo dorado reluciente, al Renacimiento temprano (siglo XV) con Bellini, Carpaccio y Giorgione que introducen la perspectiva y unas figuras humanas de formas dulces; desde el Renacimiento tard\u00edo (siglo XVI) con Tiziano, Tintoretto, Veron\u00e9s y Lotto que renuevan los matices crom\u00e1ticos y el aspecto escenogr\u00e1fico del cuadro, al Barroco y Rococ\u00f3\u00a0(siglos XVII y XVIII) con Tiepolo, Canaletto y Guardi que desarrollan una pintura vibrante.<\/li>\n<li><strong>Peggy Guggenheim Collection<\/strong>: es el museo de una coleccionista, tratante de arte y mecenas, de una mujer perspicaz y llena de vida, que abarca las corrientes art\u00edsticas m\u00e1s importantes del siglo XX como cubismo, abstraccionismo, surrealismo, expresionismo americano. Pinturas y esculturas de artistas como Picasso, De Chirico, Dal\u00ed, Mondrian, Magritte entre los otros.<\/li>\n<li><strong>Palacio Grimani y Palacio Querini<\/strong>: movi\u00e9ndonos a trav\u00e9s de sus amplios salones y sus \u00fanicas habitaciones viviremos y so\u00f1aremos la aristocracia veneciana de un tiempo inigualable. El Palazzo Grimani, del siglo XVI y reabierto en el diciembre 2008, es un edificio \u00fanico en la historia y el arte de Venecia por la originalidad de su arquitectura y por su decoraci\u00f3n. El museo Querini-Stampaliaes una mansi\u00f3n de familia noble veneciana que incluye lienzos de Giovanni Bellini, Giambattista Tiepolo y cuadros costumbristas de Pietro Longhi. Tambi\u00e9n sorprende por toques modernos del arquitecto Carlo Scarpa.<\/li>\n<li><strong>San Stae y Palacio Mocenigo<\/strong>: la iglesia de San Stae nos deslumbrar\u00e1 con su recargada fachada barroca y su sencillo interior con tesoros art\u00edsticos de Piazzetta, Tiepolo y otros artistas del siglo XVIII; el cercano Palazzo Mocenigo fue la residencia de una de las familias m\u00e1s importante y poderosa de la Rep\u00fablica Veneciana: visitaremos la planta noble de este hermoso palacio con sus salones con muebles Rococ\u00f3 y sus paredes cubiertas de frescos y sus l\u00e1mparas de Murano. El museo tambi\u00e9n alberga un centro de estudio de la historia de los textiles y la indumentaria y una secci\u00f3n dedicada al perfume.<\/li>\n<\/ol>\n<p>[\/vc_column_text][\/vc_column_inner][\/vc_row_inner][\/vc_column][\/vc_row][vc_row][vc_column width=\u00bb1\/3&#8243;][vc_single_image image=\u00bb332&#8243; img_size=\u00bbfull\u00bb alignment=\u00bbcenter\u00bb][vc_single_image image=\u00bb360&#8243; img_size=\u00bbfull\u00bb alignment=\u00bbcenter\u00bb][\/vc_column][vc_column width=\u00bb1\/3&#8243;][vc_single_image image=\u00bb356&#8243; img_size=\u00bbfull\u00bb alignment=\u00bbcenter\u00bb][vc_single_image image=\u00bb362&#8243; img_size=\u00bbfull\u00bb alignment=\u00bbcenter\u00bb][\/vc_column][vc_column width=\u00bb1\/3&#8243;][vc_single_image image=\u00bb358&#8243; img_size=\u00bbfull\u00bb alignment=\u00bbcenter\u00bb][vc_single_image image=\u00bb364&#8243; img_size=\u00bbfull\u00bb alignment=\u00bbcenter\u00bb][\/vc_column][\/vc_row]<\/p>\n","protected":false},"excerpt":{"rendered":"<p>[vc_row full_width=\u00bbstretch_row_content_no_spaces\u00bb content_placement=\u00bbmiddle\u00bb bg_type=\u00bbimage\u00bb parallax_style=\u00bbvcpb-default\u00bb bg_image_repeat=\u00bbno-repeat\u00bb bg_image_size=\u00bbinitial\u00bb bg_img_attach=\u00bbfixed\u00bb bg_override=\u00bbfull\u00bb animation_type=\u00bbh\u00bb horizontal_animation=\u00bbleft-animation\u00bb vertical_animation=\u00bbtop-animation\u00bb disable_on_mobile=\u00bbdisable_on_mobile_value\u00bb][vc_column][vc_single_image image=\u00bb313&#8243; img_size=\u00bbfull\u00bb alignment=\u00bbcenter\u00bb][\/vc_column][\/vc_row][vc_row][vc_column][vc_column_text] Algunos de los lugares m\u00e1s elegidos por quienes visitan mi ciudad, de entre la gran cantidad de palacios, museos e iglesias, son: Ca\u2019 Rezzonico, Escuela de San Roque, Bas\u00edlica dei Frari, Galer\u00edas de la Academia, Colecci\u00f3n Guggenheim\u2026 [\/vc_column_text][vc_row_inner][vc_column_inner][vc_column_text] Ca\u2019 [&hellip;]<\/p>\n","protected":false},"author":2,"featured_media":0,"parent":21,"menu_order":0,"comment_status":"closed","ping_status":"closed","template":"","meta":{"_genesis_hide_title":false,"_genesis_hide_breadcrumbs":false,"_genesis_hide_singular_image":false,"_genesis_hide_footer_widgets":false,"_genesis_custom_body_class":"","_genesis_custom_post_class":"","_genesis_layout":"full-width-content","footnotes":""},"class_list":{"0":"post-121","1":"page","2":"type-page","3":"status-publish","5":"entry"},"_links":{"self":[{"href":"https:\/\/francescozanchi.com\/es\/wp-json\/wp\/v2\/pages\/121","targetHints":{"allow":["GET"]}}],"collection":[{"href":"https:\/\/francescozanchi.com\/es\/wp-json\/wp\/v2\/pages"}],"about":[{"href":"https:\/\/francescozanchi.com\/es\/wp-json\/wp\/v2\/types\/page"}],"author":[{"embeddable":true,"href":"https:\/\/francescozanchi.com\/es\/wp-json\/wp\/v2\/users\/2"}],"replies":[{"embeddable":true,"href":"https:\/\/francescozanchi.com\/es\/wp-json\/wp\/v2\/comments?post=121"}],"version-history":[{"count":23,"href":"https:\/\/francescozanchi.com\/es\/wp-json\/wp\/v2\/pages\/121\/revisions"}],"predecessor-version":[{"id":521,"href":"https:\/\/francescozanchi.com\/es\/wp-json\/wp\/v2\/pages\/121\/revisions\/521"}],"up":[{"embeddable":true,"href":"https:\/\/francescozanchi.com\/es\/wp-json\/wp\/v2\/pages\/21"}],"wp:attachment":[{"href":"https:\/\/francescozanchi.com\/es\/wp-json\/wp\/v2\/media?parent=121"}],"curies":[{"name":"wp","href":"https:\/\/api.w.org\/{rel}","templated":true}]}}