{"id":123,"date":"2019-05-01T18:43:51","date_gmt":"2019-05-01T16:43:51","guid":{"rendered":"https:\/\/francescozanchi.com\/es\/?page_id=123"},"modified":"2024-09-25T16:49:09","modified_gmt":"2024-09-25T14:49:09","slug":"visitas-tematicas","status":"publish","type":"page","link":"https:\/\/francescozanchi.com\/es\/tours\/visitas-tematicas\/","title":{"rendered":"Visitas tem\u00e1ticas"},"content":{"rendered":"<p>[vc_row full_width=\u00bbstretch_row_content_no_spaces\u00bb content_placement=\u00bbmiddle\u00bb bg_type=\u00bbimage\u00bb parallax_style=\u00bbvcpb-default\u00bb bg_image_repeat=\u00bbno-repeat\u00bb bg_image_size=\u00bbinitial\u00bb bg_img_attach=\u00bbfixed\u00bb bg_override=\u00bbfull\u00bb animation_type=\u00bbh\u00bb horizontal_animation=\u00bbleft-animation\u00bb vertical_animation=\u00bbtop-animation\u00bb disable_on_mobile=\u00bbdisable_on_mobile_value\u00bb][vc_column][vc_single_image image=\u00bb413&#8243; img_size=\u00bbfull\u00bb alignment=\u00bbcenter\u00bb][\/vc_column][\/vc_row][vc_row][vc_column]<div id=\"ultimate-heading-531469f9cbefe446c\" class=\"uvc-heading ult-adjust-bottom-margin ultimate-heading-531469f9cbefe446c uvc-2070 \" data-hspacer=\"line_only\"  data-halign=\"center\" style=\"text-align:center\"><div class=\"uvc-main-heading ult-responsive\"  data-ultimate-target='.uvc-heading.ultimate-heading-531469f9cbefe446c h2'  data-responsive-json-new='{\"font-size\":\"desktop:30px;\",\"line-height\":\"\"}' ><h2 style=\"font-weight:bold;\">Visitas Tem\u00e1ticas<\/h2><\/div><div class=\"uvc-heading-spacer line_only\" style=\"margin-top:15px;margin-bottom:25px;height:1px;\"><span class=\"uvc-headings-line\" style=\"border-style:solid;border-bottom-width:1px;border-color:#000000;width:80px;\"><\/span><\/div><\/div>[vc_column_text]<\/p>\n<p style=\"text-align: center;\"><span lang=\"ES-TRAD\">Con este tipo de tours podr\u00e1 hacer volar su imaginaci\u00f3n. Paseos donde podremos descubrir y disfrutar de Venecia a trav\u00e9s de sus f\u00e1bulas, misterios y secretos y\/o para quienes quieran experimentar Venecia y sus artesan\u00edas con sus arraigadas tradiciones art\u00edsticas, o para probar nuestra cocina, rica en ingredientes de temporada, desde el pescado hasta las hortalizas, de la que nosotros los venecianos estamos muy orgullosos. Como puede ver, una gran variedad de tours adaptados a sus necesidades.<\/span><\/p>\n<p>[\/vc_column_text][vc_row_inner][vc_column_inner]<div id=\"ultimate-heading-740069f9cbefe44f1\" class=\"uvc-heading ult-adjust-bottom-margin ultimate-heading-740069f9cbefe44f1 uvc-7182 \" data-hspacer=\"no_spacer\"  data-halign=\"center\" style=\"text-align:center\"><div class=\"uvc-heading-spacer no_spacer\" style=\"top\"><\/div><div class=\"uvc-main-heading ult-responsive\"  data-ultimate-target='.uvc-heading.ultimate-heading-740069f9cbefe44f1 h2'  data-responsive-json-new='{\"font-size\":\"\",\"line-height\":\"\"}' ><h2 style=\"font-weight:normal;\">Elige tu Tours<\/h2><\/div><\/div>[vc_column_text]<\/p>\n<ol>\n<li><strong>Viajar con ni\u00f1os<\/strong>: un paseo para los m\u00e1s <span lang=\"ES-TRAD\">peque\u00f1os<\/span>. Venecia es una ciudad \u00absorpresa\u00bb, que deja a los ni\u00f1os asombrados la primera vez que la ven: las casas descansan sobre el agua, las calles son canales y el tr\u00e1fico est\u00e1 compuesto por lanchas y vaporetti, botes y g\u00f3ndolas &#8230; \u00a1los coches se han ido!<\/li>\n<li><strong>Comunidades extranjeras en Venecia<\/strong>: un paseo para descubrir c\u00f3mo la ciudad siempre ha sido cosmopolita. Pasaremos por algunos lugares hist\u00f3ricos de estas comunidades, como la de los Alemanes, los Armenios, los D\u00e1lmatas, los Griegos&#8230;<\/li>\n<li><strong>El camino de las especias y el gusto por lo ex\u00f3tico<\/strong>, o sea la actitud t\u00edpica veneciana de haber sido un puente entre las culturas orientales y occidentales. Un paseo que nos llevar\u00e1 a los palacios y callejones que han sido escenario de revoluciones en la medicina y en la gastronom\u00eda, desde las llamadas drogas \u00abreales\u00bb hasta la moda del caf\u00e9, del chocolate y de los nuevos vinos \u00abnavegados\u00bb.<\/li>\n<li><strong>Venecia y el vino<\/strong>: siguiendo los pasos de esta compleja y \u00fanica relaci\u00f3n y recorriendo los antiguos lugares de las profesiones vitivin\u00edcolas, descubriremos porqu\u00e9 Venecia era tan importante para el vino, para su consumo y su distribuci\u00f3n.<\/li>\n<li><strong>Venecia y las mujeres<\/strong>: una visita para descubrir algunas historias femeninas extraordinarias. Un viaje tras los pasos de mujeres que fueron las primeras en aventurarse en terrenos que siempre han sido indiscutiblemente territorio masculino, tanto en la cultura como en el esp\u00edritu empresarial. Examineremos algunas mujeres extraordinarias que quisieron ser due\u00f1as de su propio destino sin condicionamientos: mujeres modernas que han dejado una huella imborrable en la historia, no solamente en Venecia.<\/li>\n<li><strong><span lang=\"ES-TRAD\">Erotismo y seducci\u00f3n<\/span><\/strong><span lang=\"ES-TRAD\"><span lang=\"ES-TRAD\">: <span lang=\"ES\">realizaremos una ruta por la Venecia m\u00e1s ins\u00f3lita y secreta, provocativa y libertina. Descubriremos este escenario ideal para juegos amorosos a trav\u00e9s de los antiguos barrios rojos y de los famosos \u201ccasinos\u201d, del cine er\u00f3tico y de la literatura insinuante. Seguiremos las huellas de las cortesanas y por supuesto, del aventurero seductor Casanova.<\/span><\/span><\/span><\/li>\n<li><strong>Venecia y los grandes viajeros<\/strong>: el viaje entendido como conocimiento y comparaci\u00f3n entre pueblos y culturas. Disfruta de un paseo diferente y original basado en las aventuras, descubrimientos y cuadernos de bit\u00e1cora de marineros intr\u00e9pidos y famosos mercaderes, tales como Marco Polo, los hermanos Zen, Querini, Caboto &#8230;<\/li>\n<li><strong>Artes y artesan\u00eda<\/strong>: <span lang=\"ES-TRAD\">aprendan como se hace una g\u00f3ndola, sorpr\u00e9ndanse con la creaci\u00f3n milenaria del mosaico, vean el secreto de la fabricaci\u00f3n de vidrio, de la elaboraci\u00f3n de las m\u00e1scaras del Carnaval en cuero o en papel-mach\u00e9, o de la confecci\u00f3n manual de los encajes. Para los amantes del shopping podemos hacer un recorrido por las tiendas que m\u00e1s os interesen: vino y gastronom\u00eda t\u00edpica, moda, bordados, tapicer\u00eda de cuero, terciopelos, damascos y brocados, perfumes venecianos, vidrios firmados, perlas,\u00a0m\u00e1scaras, antig\u00fcedades\u2026<\/span><\/li>\n<li><strong>Gastronom\u00eda<\/strong>: <span lang=\"ES-TRAD\">Venecia tiene una tradici\u00f3n encantadora: \u201candar per bacari\u201d, los locales donde se va a beber y comer algo r\u00e1pido, o sea las \u201combre\u201d y los \u201ccicheti\u201d. La ruta nos llevar\u00e1 a degustar los famosos \u201ccicheti\u201d (tapas o pinchos apetitosos de pescado, carne, huevos o verdura: mi recomendaci\u00f3n son las sardas in \u201csaor\u201d, la sepia asada a la parrilla con polenta y el \u201cbaccal\u00e0 mantecato\u201d) mientras disfrutan de los m\u00e1s t\u00edpicos vinos regionales: una \u201combra\u201d, que es el nombre t\u00edpico del vaso de vino. El V\u00e9neto es famoso por sus vinos, sean tintos como cabernet, raboso, merlot o mi favorito Valpolicella; o sean blancos como soave, sauvignos, tocai o nuestro champagne local: el prosecco. Hablando de aperitivos venecianos hay el m\u00edtico \u201cBellini\u201d criado por Cipriani o el famoso \u201cSpritz\u201d.<\/span><\/li>\n<\/ol>\n<p>[\/vc_column_text][\/vc_column_inner][\/vc_row_inner][\/vc_column][\/vc_row][vc_row][vc_column width=\u00bb1\/3&#8243;][vc_single_image image=\u00bb342&#8243; img_size=\u00bbfull\u00bb alignment=\u00bbcenter\u00bb][vc_single_image image=\u00bb388&#8243; img_size=\u00bbfull\u00bb alignment=\u00bbcenter\u00bb][\/vc_column][vc_column width=\u00bb1\/3&#8243;][vc_single_image image=\u00bb386&#8243; img_size=\u00bbfull\u00bb alignment=\u00bbcenter\u00bb][vc_single_image image=\u00bb394&#8243; img_size=\u00bbfull\u00bb alignment=\u00bbcenter\u00bb][\/vc_column][vc_column width=\u00bb1\/3&#8243;][vc_single_image image=\u00bb344&#8243; img_size=\u00bbfull\u00bb alignment=\u00bbcenter\u00bb][vc_single_image image=\u00bb392&#8243; img_size=\u00bbfull\u00bb alignment=\u00bbcenter\u00bb][\/vc_column][\/vc_row]<\/p>\n","protected":false},"excerpt":{"rendered":"<p>[vc_row full_width=\u00bbstretch_row_content_no_spaces\u00bb content_placement=\u00bbmiddle\u00bb bg_type=\u00bbimage\u00bb parallax_style=\u00bbvcpb-default\u00bb bg_image_repeat=\u00bbno-repeat\u00bb bg_image_size=\u00bbinitial\u00bb bg_img_attach=\u00bbfixed\u00bb bg_override=\u00bbfull\u00bb animation_type=\u00bbh\u00bb horizontal_animation=\u00bbleft-animation\u00bb vertical_animation=\u00bbtop-animation\u00bb disable_on_mobile=\u00bbdisable_on_mobile_value\u00bb][vc_column][vc_single_image image=\u00bb413&#8243; img_size=\u00bbfull\u00bb alignment=\u00bbcenter\u00bb][\/vc_column][\/vc_row][vc_row][vc_column][vc_column_text] Con este tipo de tours podr\u00e1 hacer volar su imaginaci\u00f3n. Paseos donde podremos descubrir y disfrutar de Venecia a trav\u00e9s de sus f\u00e1bulas, misterios y secretos y\/o para quienes quieran experimentar Venecia y sus artesan\u00edas con sus arraigadas tradiciones [&hellip;]<\/p>\n","protected":false},"author":2,"featured_media":0,"parent":21,"menu_order":0,"comment_status":"closed","ping_status":"closed","template":"","meta":{"_genesis_hide_title":false,"_genesis_hide_breadcrumbs":false,"_genesis_hide_singular_image":false,"_genesis_hide_footer_widgets":false,"_genesis_custom_body_class":"","_genesis_custom_post_class":"","_genesis_layout":"full-width-content","footnotes":""},"class_list":{"0":"post-123","1":"page","2":"type-page","3":"status-publish","5":"entry"},"_links":{"self":[{"href":"https:\/\/francescozanchi.com\/es\/wp-json\/wp\/v2\/pages\/123","targetHints":{"allow":["GET"]}}],"collection":[{"href":"https:\/\/francescozanchi.com\/es\/wp-json\/wp\/v2\/pages"}],"about":[{"href":"https:\/\/francescozanchi.com\/es\/wp-json\/wp\/v2\/types\/page"}],"author":[{"embeddable":true,"href":"https:\/\/francescozanchi.com\/es\/wp-json\/wp\/v2\/users\/2"}],"replies":[{"embeddable":true,"href":"https:\/\/francescozanchi.com\/es\/wp-json\/wp\/v2\/comments?post=123"}],"version-history":[{"count":48,"href":"https:\/\/francescozanchi.com\/es\/wp-json\/wp\/v2\/pages\/123\/revisions"}],"predecessor-version":[{"id":548,"href":"https:\/\/francescozanchi.com\/es\/wp-json\/wp\/v2\/pages\/123\/revisions\/548"}],"up":[{"embeddable":true,"href":"https:\/\/francescozanchi.com\/es\/wp-json\/wp\/v2\/pages\/21"}],"wp:attachment":[{"href":"https:\/\/francescozanchi.com\/es\/wp-json\/wp\/v2\/media?parent=123"}],"curies":[{"name":"wp","href":"https:\/\/api.w.org\/{rel}","templated":true}]}}