{"id":125,"date":"2019-05-01T18:44:25","date_gmt":"2019-05-01T16:44:25","guid":{"rendered":"https:\/\/francescozanchi.com\/es\/?page_id=125"},"modified":"2021-06-27T19:01:12","modified_gmt":"2021-06-27T17:01:12","slug":"paseos-en-barco","status":"publish","type":"page","link":"https:\/\/francescozanchi.com\/es\/tours\/paseos-en-barco\/","title":{"rendered":"Paseos en Barco"},"content":{"rendered":"<p>[vc_row full_width=\u00bbstretch_row_content_no_spaces\u00bb content_placement=\u00bbmiddle\u00bb bg_type=\u00bbimage\u00bb parallax_style=\u00bbvcpb-default\u00bb bg_image_repeat=\u00bbno-repeat\u00bb bg_image_size=\u00bbinitial\u00bb bg_img_attach=\u00bbfixed\u00bb bg_override=\u00bbfull\u00bb animation_type=\u00bbh\u00bb horizontal_animation=\u00bbleft-animation\u00bb vertical_animation=\u00bbtop-animation\u00bb disable_on_mobile=\u00bbdisable_on_mobile_value\u00bb][vc_column][vc_single_image image=\u00bb316&#8243; img_size=\u00bbfull\u00bb alignment=\u00bbcenter\u00bb][\/vc_column][\/vc_row][vc_row][vc_column]<div id=\"ultimate-heading-255869f9caf5e94df\" class=\"uvc-heading ult-adjust-bottom-margin ultimate-heading-255869f9caf5e94df uvc-5592 \" data-hspacer=\"line_only\"  data-halign=\"center\" style=\"text-align:center\"><div class=\"uvc-main-heading ult-responsive\"  data-ultimate-target='.uvc-heading.ultimate-heading-255869f9caf5e94df h2'  data-responsive-json-new='{\"font-size\":\"desktop:30px;\",\"line-height\":\"\"}' ><h2 style=\"font-weight:bold;\">Paseos en barco<\/h2><\/div><div class=\"uvc-heading-spacer line_only\" style=\"margin-top:15px;margin-bottom:25px;height:1px;\"><span class=\"uvc-headings-line\" style=\"border-style:solid;border-bottom-width:1px;border-color:#000000;width:80px;\"><\/span><\/div><\/div>[vc_column_text]<\/p>\n<p style=\"text-align: center;\"><span lang=\"ES\">Dos de los tours m\u00e1s solicitados son estos imprescindibles viajes en barco para descubrir los mejores paisajes de la ciudad a trav\u00e9s del Gran Canal y por los canales internos, y para descubrir la laguna de Venecia y sus islas.<\/span><\/p>\n<p>[\/vc_column_text][vc_row_inner][vc_column_inner]<div id=\"ultimate-heading-569169f9caf5e9554\" class=\"uvc-heading ult-adjust-bottom-margin ultimate-heading-569169f9caf5e9554 uvc-6885 \" data-hspacer=\"no_spacer\"  data-halign=\"center\" style=\"text-align:center\"><div class=\"uvc-heading-spacer no_spacer\" style=\"top\"><\/div><div class=\"uvc-main-heading ult-responsive\"  data-ultimate-target='.uvc-heading.ultimate-heading-569169f9caf5e9554 h2'  data-responsive-json-new='{\"font-size\":\"\",\"line-height\":\"\"}' ><h2 style=\"font-weight:normal;\">Elige tu Tours<\/h2><\/div><\/div>[vc_column_text]<\/p>\n<ol>\n<li><strong>Gran Canal y canales menores<\/strong>: El Gran Canal y los canales internos fluyen en curvas sinuosas y nos revelan la atm\u00f3sfera m\u00e1s aut\u00e9ntica de Venecia. El Gran Canal\u00a0es la calle principal de Venecia, nuestra \u201cGran V\u00eda\u201d, que fascina por los edificios que flanquean sus riberas. Con sus cuatro kil\u00f3metros de longitud divide la ciudad en dos con un movimiento serpenteante y cuatro puentes desde el m\u00e1s antiguo de Rialto al m\u00e1s moderno de la Constituci\u00f3n, obra del arquitecto espa\u00f1ol Santiago Calatrava, inaugurado en 2008. Para verlo de verdad, hay que recorrerlo con un barco.<\/li>\n<li><strong>Islas<\/strong>: La laguna de Venecia\u00a0es uno de los ejemplos de laguna costera m\u00e1s amplia de Europa: su superficie es de 549 km\u00b2, el 67% de los cuales est\u00e1n constituido por agua, el 25% por terrenos anegadizos y el 8% por islas. Descubran conmigo este peque\u00f1o mar cerrado y algunas de sus islas m\u00e1s importantes: Torcello, el primer n\u00facleo de Venecia, una tranquila y escasamente poblada isla en el extremo septentrional de la laguna (el principal atractivo actual de la isla es la catedral de la Asunci\u00f3n); Murano, que ha sido el centro de la industria del cristal\u00a0desde 1295, cuando los artesanos de hornos y vidrio fueron trasladados aqu\u00ed desde la ciudad, debido al riesgo de incendio de los edificios; Burano, sin duda la isla m\u00e1s pintoresca en la laguna, famosa por los encajes\u00a0y las casas de colores vivos; Sant\u2019Erasmo, que durante siglos ha proporcionado verduras y hortalizas frescas a la ciudad de Venecia y por ello se la conoce como el huerto\u00a0de Venecia; o las otras innumerables islas dispersas por toda la laguna.<\/li>\n<\/ol>\n<p>[\/vc_column_text][\/vc_column_inner][\/vc_row_inner][\/vc_column][\/vc_row][vc_row][vc_column width=\u00bb1\/3&#8243;][vc_single_image image=\u00bb410&#8243; img_size=\u00bbfull\u00bb alignment=\u00bbcenter\u00bb][vc_single_image image=\u00bb402&#8243; img_size=\u00bbfull\u00bb alignment=\u00bbcenter\u00bb][\/vc_column][vc_column width=\u00bb1\/3&#8243;][vc_single_image image=\u00bb398&#8243; img_size=\u00bbfull\u00bb alignment=\u00bbcenter\u00bb][vc_single_image image=\u00bb404&#8243; img_size=\u00bbfull\u00bb alignment=\u00bbcenter\u00bb][\/vc_column][vc_column width=\u00bb1\/3&#8243;][vc_single_image image=\u00bb415&#8243; img_size=\u00bbfull\u00bb alignment=\u00bbcenter\u00bb][vc_single_image image=\u00bb400&#8243; img_size=\u00bbfull\u00bb alignment=\u00bbcenter\u00bb][\/vc_column][\/vc_row]<\/p>\n","protected":false},"excerpt":{"rendered":"<p>[vc_row full_width=\u00bbstretch_row_content_no_spaces\u00bb content_placement=\u00bbmiddle\u00bb bg_type=\u00bbimage\u00bb parallax_style=\u00bbvcpb-default\u00bb bg_image_repeat=\u00bbno-repeat\u00bb bg_image_size=\u00bbinitial\u00bb bg_img_attach=\u00bbfixed\u00bb bg_override=\u00bbfull\u00bb animation_type=\u00bbh\u00bb horizontal_animation=\u00bbleft-animation\u00bb vertical_animation=\u00bbtop-animation\u00bb disable_on_mobile=\u00bbdisable_on_mobile_value\u00bb][vc_column][vc_single_image image=\u00bb316&#8243; img_size=\u00bbfull\u00bb alignment=\u00bbcenter\u00bb][\/vc_column][\/vc_row][vc_row][vc_column][vc_column_text] Dos de los tours m\u00e1s solicitados son estos imprescindibles viajes en barco para descubrir los mejores paisajes de la ciudad a trav\u00e9s del Gran Canal y por los canales internos, y para descubrir la laguna de Venecia y sus [&hellip;]<\/p>\n","protected":false},"author":2,"featured_media":0,"parent":21,"menu_order":0,"comment_status":"closed","ping_status":"closed","template":"","meta":{"_genesis_hide_title":false,"_genesis_hide_breadcrumbs":false,"_genesis_hide_singular_image":false,"_genesis_hide_footer_widgets":false,"_genesis_custom_body_class":"","_genesis_custom_post_class":"","_genesis_layout":"full-width-content","footnotes":""},"class_list":{"0":"post-125","1":"page","2":"type-page","3":"status-publish","5":"entry"},"_links":{"self":[{"href":"https:\/\/francescozanchi.com\/es\/wp-json\/wp\/v2\/pages\/125","targetHints":{"allow":["GET"]}}],"collection":[{"href":"https:\/\/francescozanchi.com\/es\/wp-json\/wp\/v2\/pages"}],"about":[{"href":"https:\/\/francescozanchi.com\/es\/wp-json\/wp\/v2\/types\/page"}],"author":[{"embeddable":true,"href":"https:\/\/francescozanchi.com\/es\/wp-json\/wp\/v2\/users\/2"}],"replies":[{"embeddable":true,"href":"https:\/\/francescozanchi.com\/es\/wp-json\/wp\/v2\/comments?post=125"}],"version-history":[{"count":28,"href":"https:\/\/francescozanchi.com\/es\/wp-json\/wp\/v2\/pages\/125\/revisions"}],"predecessor-version":[{"id":532,"href":"https:\/\/francescozanchi.com\/es\/wp-json\/wp\/v2\/pages\/125\/revisions\/532"}],"up":[{"embeddable":true,"href":"https:\/\/francescozanchi.com\/es\/wp-json\/wp\/v2\/pages\/21"}],"wp:attachment":[{"href":"https:\/\/francescozanchi.com\/es\/wp-json\/wp\/v2\/media?parent=125"}],"curies":[{"name":"wp","href":"https:\/\/api.w.org\/{rel}","templated":true}]}}