{"id":18,"date":"2019-03-20T21:26:32","date_gmt":"2019-03-20T20:26:32","guid":{"rendered":"https:\/\/francescozanchi.com\/es\/?page_id=18"},"modified":"2020-03-26T12:02:42","modified_gmt":"2020-03-26T11:02:42","slug":"quien-soy","status":"publish","type":"page","link":"https:\/\/francescozanchi.com\/es\/quien-soy\/","title":{"rendered":"Qui\u00e9n soy"},"content":{"rendered":"<p>[vc_row][vc_column]<div class=\"ult-spacer spacer-69f9cabde36dd\" data-id=\"69f9cabde36dd\" data-height=\"40\" data-height-mobile=\"40\" data-height-tab=\"40\" data-height-tab-portrait=\"\" data-height-mobile-landscape=\"\" style=\"clear:both;display:block;\"><\/div>[\/vc_column][\/vc_row][vc_row][vc_column width=\u00bb1\/2&#8243;][vc_single_image image=\u00bb279&#8243; img_size=\u00bbfull\u00bb alignment=\u00bbcenter\u00bb][\/vc_column][vc_column width=\u00bb1\/2&#8243;][vc_column_text]Soy gu\u00eda autorizado por el Ayuntamiento de Venecia para realizar tours en ingl\u00e9s, espa\u00f1ol, portugu\u00e9s y obviamente italiano. Nacido y criado en Venecia, amo mi ciudad y me encantar\u00eda poder transmitirles mi pasi\u00f3n por ella.<\/p>\n<p><span lang=\"ES-TRAD\">Trabaj\u00e9 en diferentes sectores de la industria del turismo en Bruselas y Edimburgo y finalmente descubr\u00ed lo que realmente era mi pasi\u00f3n: el arte, la historia, mi ciudad, estar en contacto con la gente &#8230; y encontr\u00e9 un trabajo maravilloso.<\/span><\/p>\n<p>Soy miembro del proyecto BestVeniceGuides por un turismo sostenible.<br \/>\nFeliz de poder guiar personas de todas las edades e intereses, sean peque\u00f1os grupos, familias, parejas o simplemente visitantes individuales, \u00fananse a m\u00ed para que pueda revelarles la belleza de Venecia, una ciudad \u00fanica y fascinante.<\/p>\n<p>\u00a1Un buen viaje comienza de la mano de un buen gu\u00eda![\/vc_column_text][vc_btn title=\u00bbContacto\u00bb shape=\u00bbsquare\u00bb color=\u00bbblack\u00bb align=\u00bbleft\u00bb link=\u00bburl:https%3A%2F%2Ffrancescozanchi.com%2Fes%2Fcontacto%2F|title:Contacto||\u00bb][\/vc_column][\/vc_row]<\/p>\n","protected":false},"excerpt":{"rendered":"<p>[vc_row][vc_column][\/vc_column][\/vc_row][vc_row][vc_column width=\u00bb1\/2&#8243;][vc_single_image image=\u00bb279&#8243; img_size=\u00bbfull\u00bb alignment=\u00bbcenter\u00bb][\/vc_column][vc_column width=\u00bb1\/2&#8243;][vc_column_text]Soy gu\u00eda autorizado por el Ayuntamiento de Venecia para realizar tours en ingl\u00e9s, espa\u00f1ol, portugu\u00e9s y obviamente italiano. Nacido y criado en Venecia, amo mi ciudad y me encantar\u00eda poder transmitirles mi pasi\u00f3n por ella. Trabaj\u00e9 en diferentes sectores de la industria del turismo en Bruselas y Edimburgo y finalmente [&hellip;]<\/p>\n","protected":false},"author":1,"featured_media":0,"parent":0,"menu_order":0,"comment_status":"closed","ping_status":"closed","template":"","meta":{"_genesis_hide_title":false,"_genesis_hide_breadcrumbs":false,"_genesis_hide_singular_image":false,"_genesis_hide_footer_widgets":false,"_genesis_custom_body_class":"","_genesis_custom_post_class":"","_genesis_layout":"full-width-content","footnotes":""},"class_list":{"0":"post-18","1":"page","2":"type-page","3":"status-publish","5":"entry"},"_links":{"self":[{"href":"https:\/\/francescozanchi.com\/es\/wp-json\/wp\/v2\/pages\/18","targetHints":{"allow":["GET"]}}],"collection":[{"href":"https:\/\/francescozanchi.com\/es\/wp-json\/wp\/v2\/pages"}],"about":[{"href":"https:\/\/francescozanchi.com\/es\/wp-json\/wp\/v2\/types\/page"}],"author":[{"embeddable":true,"href":"https:\/\/francescozanchi.com\/es\/wp-json\/wp\/v2\/users\/1"}],"replies":[{"embeddable":true,"href":"https:\/\/francescozanchi.com\/es\/wp-json\/wp\/v2\/comments?post=18"}],"version-history":[{"count":14,"href":"https:\/\/francescozanchi.com\/es\/wp-json\/wp\/v2\/pages\/18\/revisions"}],"predecessor-version":[{"id":488,"href":"https:\/\/francescozanchi.com\/es\/wp-json\/wp\/v2\/pages\/18\/revisions\/488"}],"wp:attachment":[{"href":"https:\/\/francescozanchi.com\/es\/wp-json\/wp\/v2\/media?parent=18"}],"curies":[{"name":"wp","href":"https:\/\/api.w.org\/{rel}","templated":true}]}}