{"id":21,"date":"2019-03-20T21:26:46","date_gmt":"2019-03-20T20:26:46","guid":{"rendered":"https:\/\/francescozanchi.com\/es\/?page_id=21"},"modified":"2019-12-03T22:25:12","modified_gmt":"2019-12-03T21:25:12","slug":"tours","status":"publish","type":"page","link":"https:\/\/francescozanchi.com\/es\/tours\/","title":{"rendered":"Tours"},"content":{"rendered":"<p>[vc_row][vc_column]<div class=\"ult-spacer spacer-69f9cb5a51d17\" data-id=\"69f9cb5a51d17\" data-height=\"50\" data-height-mobile=\"30\" data-height-tab=\"40\" data-height-tab-portrait=\"40\" data-height-mobile-landscape=\"40\" style=\"clear:both;display:block;\"><\/div>[vc_column_text]<\/p>\n<p style=\"text-align: center;\">Os acompa\u00f1ar\u00e9 por los sitios mejores cont\u00e1ndoles los acontecimientos de la historia, arquitectura y vida de Venecia: pod\u00e9is elegir entre las diferentes propuestas de paseos a pie o en barco para descubrir los tesoros escondidos de la ciudad.<\/p>\n<p>[\/vc_column_text][\/vc_column][\/vc_row][vc_row][vc_column width=\u00bb1\/3&#8243;][vc_single_image image=\u00bb69&#8243; img_size=\u00bb375&#215;250&#8243; alignment=\u00bbcenter\u00bb onclick=\u00bbcustom_link\u00bb link=\u00bbhttps:\/\/francescozanchi.com\/es\/tours\/venecia-monumental\/\u00bb css=\u00bb.vc_custom_1573497055214{margin-bottom: 0px !important;}\u00bb][vc_custom_heading text=\u00bbVenecia Monumental\u00bb font_container=\u00bbtag:h2|text_align:center\u00bb use_theme_fonts=\u00bbyes\u00bb link=\u00bburl:https%3A%2F%2Ffrancescozanchi.com%2Fes%2Ftours%2Fvenecia-monumental%2F|title:Venecia%20Monumental||\u00bb][vc_separator color=\u00bbblack\u00bb el_width=\u00bb20&#8243;][\/vc_column][vc_column width=\u00bb1\/3&#8243;][vc_single_image image=\u00bb431&#8243; img_size=\u00bb375&#215;250&#8243; alignment=\u00bbcenter\u00bb onclick=\u00bbcustom_link\u00bb link=\u00bbhttps:\/\/francescozanchi.com\/es\/tours\/venecia-secreta\/\u00bb css=\u00bb.vc_custom_1573687462941{margin-bottom: 0px !important;}\u00bb][vc_custom_heading text=\u00bbVenecia Secreta\u00bb font_container=\u00bbtag:h2|text_align:center\u00bb use_theme_fonts=\u00bbyes\u00bb link=\u00bburl:https%3A%2F%2Ffrancescozanchi.com%2Fes%2Ftours%2Fvenecia-secreta%2F|title:Venecia%20Monumental||\u00bb][vc_separator color=\u00bbblack\u00bb el_width=\u00bb20&#8243;][\/vc_column][vc_column width=\u00bb1\/3&#8243;][vc_single_image image=\u00bb157&#8243; img_size=\u00bb375&#215;250&#8243; alignment=\u00bbcenter\u00bb onclick=\u00bbcustom_link\u00bb link=\u00bbhttps:\/\/francescozanchi.com\/es\/tours\/palacios-museos-e-iglesias\/\u00bb css=\u00bb.vc_custom_1573497082585{margin-bottom: 0px !important;}\u00bb][vc_custom_heading text=\u00bbPalacios, museos e iglesias\u00bb font_container=\u00bbtag:h2|text_align:center\u00bb use_theme_fonts=\u00bbyes\u00bb link=\u00bburl:https%3A%2F%2Ffrancescozanchi.com%2Fes%2Ftours%2Fpalacios-museos-e-iglesias%2F|title:Venecia%20Monumental||\u00bb][vc_separator color=\u00bbblack\u00bb el_width=\u00bb20&#8243;][\/vc_column][\/vc_row][vc_row][vc_column width=\u00bb1\/3&#8243;][vc_single_image image=\u00bb428&#8243; img_size=\u00bb375&#215;250&#8243; alignment=\u00bbcenter\u00bb onclick=\u00bbcustom_link\u00bb link=\u00bbhttps:\/\/francescozanchi.com\/es\/tours\/visitas-tematicas\/\u00bb css=\u00bb.vc_custom_1573687017101{margin-bottom: 0px !important;}\u00bb][vc_custom_heading text=\u00bbVisitas tem\u00e1ticas\u00bb font_container=\u00bbtag:h2|text_align:center\u00bb use_theme_fonts=\u00bbyes\u00bb link=\u00bburl:https%3A%2F%2Ffrancescozanchi.com%2Fes%2Ftours%2Fvisitas-tematicas%2F|title:tema||\u00bb][vc_separator color=\u00bbblack\u00bb el_width=\u00bb20&#8243;][\/vc_column][vc_column width=\u00bb1\/3&#8243;][vc_single_image image=\u00bb417&#8243; img_size=\u00bb375&#215;250&#8243; alignment=\u00bbcenter\u00bb onclick=\u00bbcustom_link\u00bb link=\u00bbhttps:\/\/francescozanchi.com\/es\/tours\/paseos-en-barco\/\u00bb css=\u00bb.vc_custom_1573686126453{margin-bottom: 0px !important;}\u00bb][vc_custom_heading text=\u00bbPaseos en Barco\u00bb font_container=\u00bbtag:h2|text_align:center\u00bb use_theme_fonts=\u00bbyes\u00bb link=\u00bburl:https%3A%2F%2Ffrancescozanchi.com%2Fes%2Ftours%2Fpaseos-en-barco%2F|title:Paseos%20en%20Barco||\u00bb][vc_separator color=\u00bbblack\u00bb el_width=\u00bb20&#8243;][\/vc_column][vc_column width=\u00bb1\/3&#8243;][vc_single_image image=\u00bb60&#8243; img_size=\u00bb375&#215;250&#8243; alignment=\u00bbcenter\u00bb onclick=\u00bbcustom_link\u00bb link=\u00bbhttps:\/\/francescozanchi.com\/es\/tours\/visitas-a-medidas\/\u00bb css=\u00bb.vc_custom_1573490996290{margin-bottom: 0px !important;}\u00bb][vc_custom_heading text=\u00bbVisitas a medidas\u00bb font_container=\u00bbtag:h2|text_align:center\u00bb use_theme_fonts=\u00bbyes\u00bb link=\u00bburl:https%3A%2F%2Ffrancescozanchi.com%2Fes%2Ftours%2Fvisitas-a-medidas%2F|title:Visitas%20a%20medida||\u00bb][vc_separator color=\u00bbblack\u00bb el_width=\u00bb20&#8243;][\/vc_column][\/vc_row]<\/p>\n","protected":false},"excerpt":{"rendered":"<p>[vc_row][vc_column][vc_column_text] Os acompa\u00f1ar\u00e9 por los sitios mejores cont\u00e1ndoles los acontecimientos de la historia, arquitectura y vida de Venecia: pod\u00e9is elegir entre las diferentes propuestas de paseos a pie o en barco para descubrir los tesoros escondidos de la ciudad. [\/vc_column_text][\/vc_column][\/vc_row][vc_row][vc_column width=\u00bb1\/3&#8243;][vc_single_image image=\u00bb69&#8243; img_size=\u00bb375&#215;250&#8243; alignment=\u00bbcenter\u00bb onclick=\u00bbcustom_link\u00bb link=\u00bbhttps:\/\/francescozanchi.com\/es\/tours\/venecia-monumental\/\u00bb css=\u00bb.vc_custom_1573497055214{margin-bottom: 0px !important;}\u00bb][vc_custom_heading text=\u00bbVenecia Monumental\u00bb font_container=\u00bbtag:h2|text_align:center\u00bb use_theme_fonts=\u00bbyes\u00bb link=\u00bburl:https%3A%2F%2Ffrancescozanchi.com%2Fes%2Ftours%2Fvenecia-monumental%2F|title:Venecia%20Monumental||\u00bb][vc_separator color=\u00bbblack\u00bb [&hellip;]<\/p>\n","protected":false},"author":1,"featured_media":0,"parent":0,"menu_order":0,"comment_status":"closed","ping_status":"closed","template":"","meta":{"_genesis_hide_title":false,"_genesis_hide_breadcrumbs":false,"_genesis_hide_singular_image":false,"_genesis_hide_footer_widgets":false,"_genesis_custom_body_class":"","_genesis_custom_post_class":"","_genesis_layout":"full-width-content","footnotes":""},"class_list":{"0":"post-21","1":"page","2":"type-page","3":"status-publish","5":"entry"},"_links":{"self":[{"href":"https:\/\/francescozanchi.com\/es\/wp-json\/wp\/v2\/pages\/21","targetHints":{"allow":["GET"]}}],"collection":[{"href":"https:\/\/francescozanchi.com\/es\/wp-json\/wp\/v2\/pages"}],"about":[{"href":"https:\/\/francescozanchi.com\/es\/wp-json\/wp\/v2\/types\/page"}],"author":[{"embeddable":true,"href":"https:\/\/francescozanchi.com\/es\/wp-json\/wp\/v2\/users\/1"}],"replies":[{"embeddable":true,"href":"https:\/\/francescozanchi.com\/es\/wp-json\/wp\/v2\/comments?post=21"}],"version-history":[{"count":12,"href":"https:\/\/francescozanchi.com\/es\/wp-json\/wp\/v2\/pages\/21\/revisions"}],"predecessor-version":[{"id":449,"href":"https:\/\/francescozanchi.com\/es\/wp-json\/wp\/v2\/pages\/21\/revisions\/449"}],"wp:attachment":[{"href":"https:\/\/francescozanchi.com\/es\/wp-json\/wp\/v2\/media?parent=21"}],"curies":[{"name":"wp","href":"https:\/\/api.w.org\/{rel}","templated":true}]}}