{"id":109,"date":"2019-05-01T18:06:57","date_gmt":"2019-05-01T16:06:57","guid":{"rendered":"https:\/\/francescozanchi.com\/it\/?page_id=109"},"modified":"2020-12-27T08:51:54","modified_gmt":"2020-12-27T07:51:54","slug":"venezia-monumentale","status":"publish","type":"page","link":"https:\/\/francescozanchi.com\/it\/tours\/venezia-monumentale\/","title":{"rendered":"Venezia monumentale"},"content":{"rendered":"<p>[vc_row full_width=\u00bbstretch_row_content_no_spaces\u00bb content_placement=\u00bbmiddle\u00bb bg_type=\u00bbimage\u00bb parallax_style=\u00bbvcpb-default\u00bb bg_image_repeat=\u00bbno-repeat\u00bb bg_image_size=\u00bbinitial\u00bb bg_img_attach=\u00bbfixed\u00bb bg_override=\u00bbfull\u00bb animation_type=\u00bbh\u00bb horizontal_animation=\u00bbleft-animation\u00bb vertical_animation=\u00bbtop-animation\u00bb disable_on_mobile=\u00bbdisable_on_mobile_value\u00bb][vc_column][vc_single_image image=\u00bb366&#8243; img_size=\u00bbfull\u00bb alignment=\u00bbcenter\u00bb][\/vc_column][\/vc_row][vc_row][vc_column]<div id=\"ultimate-heading-99869f8a20536a62\" class=\"uvc-heading ult-adjust-bottom-margin ultimate-heading-99869f8a20536a62 uvc-5280 \" data-hspacer=\"line_only\"  data-halign=\"center\" style=\"text-align:center\"><div class=\"uvc-main-heading ult-responsive\"  data-ultimate-target='.uvc-heading.ultimate-heading-99869f8a20536a62 h2'  data-responsive-json-new='{\"font-size\":\"desktop:30px;\",\"line-height\":\"\"}' ><h2 style=\"font-weight:bold;\">Venezia monumentale<\/h2><\/div><div class=\"uvc-heading-spacer line_only\" style=\"margin-top:15px;margin-bottom:25px;height:1px;\"><span class=\"uvc-headings-line\" style=\"border-style:solid;border-bottom-width:1px;border-color:#000000;width:80px;\"><\/span><\/div><\/div>[vc_column_text]<\/p>\n<p style=\"text-align: center;\"><i>Scopriamo l\u2019entrata monumentale della citt\u00e0, il cuore di Venezia: San Marco. Era questo il centro politico, religioso e culturale. Qui di seguito due proposte classiche:<\/i><\/p>\n<p>[\/vc_column_text][vc_row_inner][vc_column_inner]<div id=\"ultimate-heading-923769f8a20536aee\" class=\"uvc-heading ult-adjust-bottom-margin ultimate-heading-923769f8a20536aee uvc-1950 \" data-hspacer=\"no_spacer\"  data-halign=\"center\" style=\"text-align:center\"><div class=\"uvc-heading-spacer no_spacer\" style=\"top\"><\/div><div class=\"uvc-main-heading ult-responsive\"  data-ultimate-target='.uvc-heading.ultimate-heading-923769f8a20536aee h2'  data-responsive-json-new='{\"font-size\":\"\",\"line-height\":\"\"}' ><h2 style=\"font-weight:normal;\">Scegli un itinerario<\/h2><\/div><\/div>[vc_column_text]<\/p>\n<ol>\n<li><b><span lang=\"ES-TRAD\">Piazza San Marco<\/span><\/b><span lang=\"ES-TRAD\">: \u00e8 l&#8217;unico luogo di Venezia a chiamarsi piazza, rappresenta il fulcro della citt\u00e0 e riunisce alcune delle costruzioni pi\u00f9 celebri. Anzitutto lo sfarzoso Palazzo Ducale che fu la residenza dei dogi, sede del governo e palazzo di giustizia. La visita si snoda lungo i tre piani dell\u2019edificio attraverso sale riccamente decorate con stucchi, affreschi e tele dei pi\u00f9 grandi maestri. Al palazzo erano anche annessi tribunali e prigioni cui si pu\u00f2 giungere attraverso il famoso Ponte dei Sospiri. Da non perdere poi la grandiosa Basilica di San Marco fondata nel IX secolo per accogliere il corpo dell\u2019evangelista, con le sue cupole orientaleggianti, una spettacolare facciata e un interno tutto decorato con dorati mosaici bizantini. Nella piazza vi sono inoltre la Torre dell\u2019Orologio del 1499 con i due Mori che battono le ore, le Procuratie Vecchie e Nuove lungo i cui portici abbiamo i caff\u00e8 storici, come il famoso Florian, l\u2019imponente Campanile di San Marco dalla cui sommit\u00e0 si pu\u00f2 spaziare con lo sguardo per tutta la laguna e la Libreria Vecchia, opera del Sansovino, antica sede della\u00a0Biblioteca Marciana che ora occupa anche il Palazzo della Zecca.<\/span><\/li>\n<li><b><span lang=\"ES-TRAD\">Una passeggiata per il sestiere di San Marco<\/span><\/b><span lang=\"ES-TRAD\">: scopriamo cosa si cela oltre la piazza, come la fiabesca scala elicoidale di Palazzo Contarini del Bovolo (chiocciola in veneziano), esempio suggestivo ed insolito nell&#8217;architettura locale, il settecentesco celebre Gran Teatro La Fenice, la severa chiesa di San Salvador dove incontriamo splendide opere di Tiziano&#8230;<\/span><span lang=\"ES-TRAD\">\u00a0<\/span><\/li>\n<\/ol>\n<p>[\/vc_column_text][\/vc_column_inner][\/vc_row_inner][\/vc_column][\/vc_row][vc_row][vc_column width=\u00bb1\/3&#8243;][vc_single_image image=\u00bb330&#8243; img_size=\u00bbfull\u00bb alignment=\u00bbcenter\u00bb][vc_single_image image=\u00bb372&#8243; img_size=\u00bbfull\u00bb alignment=\u00bbcenter\u00bb][\/vc_column][vc_column width=\u00bb1\/3&#8243;][vc_single_image image=\u00bb368&#8243; img_size=\u00bbfull\u00bb alignment=\u00bbcenter\u00bb][vc_single_image image=\u00bb69&#8243; img_size=\u00bbfull\u00bb alignment=\u00bbcenter\u00bb][\/vc_column][vc_column width=\u00bb1\/3&#8243;][vc_single_image image=\u00bb370&#8243; img_size=\u00bbfull\u00bb alignment=\u00bbcenter\u00bb][vc_single_image image=\u00bb376&#8243; img_size=\u00bbfull\u00bb alignment=\u00bbcenter\u00bb][\/vc_column][\/vc_row]<\/p>\n","protected":false},"excerpt":{"rendered":"<p>[vc_row full_width=\u00bbstretch_row_content_no_spaces\u00bb content_placement=\u00bbmiddle\u00bb bg_type=\u00bbimage\u00bb parallax_style=\u00bbvcpb-default\u00bb bg_image_repeat=\u00bbno-repeat\u00bb bg_image_size=\u00bbinitial\u00bb bg_img_attach=\u00bbfixed\u00bb bg_override=\u00bbfull\u00bb animation_type=\u00bbh\u00bb horizontal_animation=\u00bbleft-animation\u00bb vertical_animation=\u00bbtop-animation\u00bb disable_on_mobile=\u00bbdisable_on_mobile_value\u00bb][vc_column][vc_single_image image=\u00bb366&#8243; img_size=\u00bbfull\u00bb alignment=\u00bbcenter\u00bb][\/vc_column][\/vc_row][vc_row][vc_column][vc_column_text] Scopriamo l\u2019entrata monumentale della citt\u00e0, il cuore di Venezia: San Marco. Era questo il centro politico, religioso e culturale. Qui di seguito due proposte classiche: [\/vc_column_text][vc_row_inner][vc_column_inner][vc_column_text] Piazza San Marco: \u00e8 l&#8217;unico luogo di Venezia a chiamarsi piazza, rappresenta il [&hellip;]<\/p>\n","protected":false},"author":2,"featured_media":0,"parent":21,"menu_order":0,"comment_status":"closed","ping_status":"closed","template":"","meta":{"_genesis_hide_title":false,"_genesis_hide_breadcrumbs":false,"_genesis_hide_singular_image":false,"_genesis_hide_footer_widgets":false,"_genesis_custom_body_class":"","_genesis_custom_post_class":"","_genesis_layout":"full-width-content","footnotes":""},"class_list":{"0":"post-109","1":"page","2":"type-page","3":"status-publish","5":"entry"},"_links":{"self":[{"href":"https:\/\/francescozanchi.com\/it\/wp-json\/wp\/v2\/pages\/109","targetHints":{"allow":["GET"]}}],"collection":[{"href":"https:\/\/francescozanchi.com\/it\/wp-json\/wp\/v2\/pages"}],"about":[{"href":"https:\/\/francescozanchi.com\/it\/wp-json\/wp\/v2\/types\/page"}],"author":[{"embeddable":true,"href":"https:\/\/francescozanchi.com\/it\/wp-json\/wp\/v2\/users\/2"}],"replies":[{"embeddable":true,"href":"https:\/\/francescozanchi.com\/it\/wp-json\/wp\/v2\/comments?post=109"}],"version-history":[{"count":49,"href":"https:\/\/francescozanchi.com\/it\/wp-json\/wp\/v2\/pages\/109\/revisions"}],"predecessor-version":[{"id":633,"href":"https:\/\/francescozanchi.com\/it\/wp-json\/wp\/v2\/pages\/109\/revisions\/633"}],"up":[{"embeddable":true,"href":"https:\/\/francescozanchi.com\/it\/wp-json\/wp\/v2\/pages\/21"}],"wp:attachment":[{"href":"https:\/\/francescozanchi.com\/it\/wp-json\/wp\/v2\/media?parent=109"}],"curies":[{"name":"wp","href":"https:\/\/api.w.org\/{rel}","templated":true}]}}