{"id":119,"date":"2019-05-01T18:41:58","date_gmt":"2019-05-01T16:41:58","guid":{"rendered":"https:\/\/francescozanchi.com\/it\/?page_id=119"},"modified":"2020-12-27T08:54:36","modified_gmt":"2020-12-27T07:54:36","slug":"venezia-segreta","status":"publish","type":"page","link":"https:\/\/francescozanchi.com\/it\/tours\/venezia-segreta\/","title":{"rendered":"Venezia segreta"},"content":{"rendered":"<p>[vc_row full_width=\u00bbstretch_row_content_no_spaces\u00bb content_placement=\u00bbmiddle\u00bb bg_type=\u00bbimage\u00bb parallax_style=\u00bbvcpb-default\u00bb bg_image_repeat=\u00bbno-repeat\u00bb bg_image_size=\u00bbinitial\u00bb bg_img_attach=\u00bbfixed\u00bb bg_override=\u00bbfull\u00bb animation_type=\u00bbh\u00bb horizontal_animation=\u00bbleft-animation\u00bb vertical_animation=\u00bbtop-animation\u00bb disable_on_mobile=\u00bbdisable_on_mobile_value\u00bb][vc_column][vc_single_image image=\u00bb308&#8243; img_size=\u00bbfull\u00bb alignment=\u00bbcenter\u00bb][\/vc_column][\/vc_row][vc_row][vc_column]<div id=\"ultimate-heading-935969f8a1b34be47\" class=\"uvc-heading ult-adjust-bottom-margin ultimate-heading-935969f8a1b34be47 uvc-9547 \" data-hspacer=\"line_only\"  data-halign=\"center\" style=\"text-align:center\"><div class=\"uvc-main-heading ult-responsive\"  data-ultimate-target='.uvc-heading.ultimate-heading-935969f8a1b34be47 h2'  data-responsive-json-new='{\"font-size\":\"desktop:30px;\",\"line-height\":\"\"}' ><h2 style=\"font-weight:bold;\">Venezia segreta<\/h2><\/div><div class=\"uvc-heading-spacer line_only\" style=\"margin-top:15px;margin-bottom:25px;height:1px;\"><span class=\"uvc-headings-line\" style=\"border-style:solid;border-bottom-width:1px;border-color:#000000;width:80px;\"><\/span><\/div><\/div>[vc_column_text]<\/p>\n<p style=\"text-align: center;\">Scopriamo la storia di questa citt\u00e0 affascinante attraverso le sue calli, i suoi ponti ed i suoi luoghi unici. Lasciamoci perdere nei suoi percorsi meno tradizionali per comprenderne la storia, le tradizioni e la vita. Qui di seguito alcune proposte per capire a fondo le diverse zone della citt\u00e0:<\/p>\n<p>[\/vc_column_text]<div id=\"ultimate-heading-171169f8a1b34c220\" class=\"uvc-heading ult-adjust-bottom-margin ultimate-heading-171169f8a1b34c220 uvc-8179 \" data-hspacer=\"no_spacer\"  data-halign=\"center\" style=\"text-align:center\"><div class=\"uvc-heading-spacer no_spacer\" style=\"top\"><\/div><div class=\"uvc-main-heading ult-responsive\"  data-ultimate-target='.uvc-heading.ultimate-heading-171169f8a1b34c220 h2'  data-responsive-json-new='{\"font-size\":\"\",\"line-height\":\"\"}' ><h2 style=\"font-weight:normal;\">Scegli un itinerario<\/h2><\/div><\/div>[vc_column_text]<\/p>\n<ol>\n<li><strong>Canaregio<\/strong>: \u00e8 il sestiere pi\u00f9 popoloso di Venezia, dove troviamo luoghi unici, come il grande insediamento del Ghetto, dove venne confinata nel 1516 la comunit\u00e0 ebraica che fu attivissima economicamente e culturalmente; la gotica chiesa della Madonna dell\u2019Orto dove \u00e8 sepolto Tintoretto;\u00a0la Ca\u2019 d\u2019Oro che ci stupisce per la bellezza della sua facciata; la meravigliosa chiesa rinascimentale dei Miracoli; la zona dove viveva Marco Polo; e tanto altro ancora.<span lang=\"ES-TRAD\">\u00a0<\/span><\/li>\n<li><strong>Santa Croce e San Polo<\/strong>:\u00a0<span lang=\"ES-TRAD\">sono due sestieri ricchi di curiosit\u00e0 e dove troviamo il mercato ed il ponte di Rialto, il pi\u00f9 famoso ponte di Venezia e l&#8217;unico collegamento tra le due sponde del Canal Grande fino all&#8217;800. Qui inoltre c&#8217;\u00e8\u00a0campo San Polo, il pi\u00f9 grande spazio aperto di Venezia dopo Piazza San Marco e per questo da sempre sede di eventi e spettacoli, la grandiosa mole della Basilica di Santa Maria Gloriosa dei Frari, il tranquillo campo di San Giacomo dell\u2019Orio e le Carampane, quello che era il vero e proprio distretto a luci rosse della Repubblica di Venezia.<\/span><span lang=\"ES-TRAD\">\u00a0<\/span><\/li>\n<li><strong>Dorsoduro<\/strong>: sestiere \u201cboemio\u201d per eccellenza, \u00e8 oggi una delle zone pi\u00f9 ricercate della citt\u00e0. Cammineremo lungo le Zattere, la passeggiata preferita da noi veneziani, e passeremo vicino all\u2019antico squero di San Trovaso, cantiere\u00a0dove vengono tuttora costruite le gondole. Qui c\u2019\u00e8 uno dei monumenti simbolo di Venezia, la Madonna della Salute, e il Campo Santa Margherita, una delle poche piazze alberate a Venezia e una delle pi\u00f9 vive, grazie anche alla vicina sede dell\u2019universit\u00e0 Ca\u2019 Foscari e ai suoi numerosi caff\u00e8.<\/li>\n<li><strong>Castello<\/strong>: \u00e8 il sestiere pi\u00f9 grande. Qui potremo scoprire la chiesa di Vivaldi e capire l\u2019importanza della musica a Venezia, trovare angoli speciali come il campo-sagrato di San Giorgio dei Greci e vedere una delle pi\u00f9 belle e ricche piazze della citt\u00e0, campo Santi Giovanni e Paolo, con la sua maestosa chiesa gotica e la Scuola Grande di San Marco, uno dei pi\u00f9 importanti edifici del primo Rinascimento. Una grande area di questo sestiere \u00e8 occupata dall\u2019Arsenale che fu a lungo il cantiere navale pi\u00f9 grande al mondo.<span lang=\"ES-TRAD\">\u00a0<\/span><\/li>\n<li><strong>San Giorgio e la Giudecca<\/strong>: sono due isole che si affacciano sul bacino di San Marco. La prima\u00a0\u00e8 un monastero benedettino con la scenografica chiesa del Palladio ed un campanile\u00a0da dove si pu\u00f2 ammirare la vista pi\u00f9 bella su Venezia e le sue isole. La seconda, dove scopriamo l\u2019altra splendida\u00a0chiesa palladiana, quella del Redentore, \u00e8 una zona residenziale dove troviamo giardini segreti ed edifici di archeologia industriale. L\u2019unica manifattura sopravvissuta \u00e8 quella dei tessuti Fortuny, un vero e proprio incanto.<span lang=\"ES-TRAD\">\u00a0<\/span><\/li>\n<\/ol>\n<p>[\/vc_column_text][\/vc_column][\/vc_row][vc_row][vc_column width=\u00bb1\/3&#8243;][vc_single_image image=\u00bb336&#8243; img_size=\u00bbfull\u00bb alignment=\u00bbcenter\u00bb][vc_single_image image=\u00bb380&#8243; img_size=\u00bbfull\u00bb alignment=\u00bbcenter\u00bb][\/vc_column][vc_column width=\u00bb1\/3&#8243;][vc_single_image image=\u00bb338&#8243; img_size=\u00bbfull\u00bb alignment=\u00bbcenter\u00bb][vc_single_image image=\u00bb382&#8243; img_size=\u00bbfull\u00bb alignment=\u00bbcenter\u00bb][\/vc_column][vc_column width=\u00bb1\/3&#8243;][vc_single_image image=\u00bb378&#8243; img_size=\u00bbfull\u00bb alignment=\u00bbcenter\u00bb][vc_single_image image=\u00bb334&#8243; img_size=\u00bbfull\u00bb alignment=\u00bbcenter\u00bb][\/vc_column][\/vc_row]<\/p>\n","protected":false},"excerpt":{"rendered":"<p>[vc_row full_width=\u00bbstretch_row_content_no_spaces\u00bb content_placement=\u00bbmiddle\u00bb bg_type=\u00bbimage\u00bb parallax_style=\u00bbvcpb-default\u00bb bg_image_repeat=\u00bbno-repeat\u00bb bg_image_size=\u00bbinitial\u00bb bg_img_attach=\u00bbfixed\u00bb bg_override=\u00bbfull\u00bb animation_type=\u00bbh\u00bb horizontal_animation=\u00bbleft-animation\u00bb vertical_animation=\u00bbtop-animation\u00bb disable_on_mobile=\u00bbdisable_on_mobile_value\u00bb][vc_column][vc_single_image image=\u00bb308&#8243; img_size=\u00bbfull\u00bb alignment=\u00bbcenter\u00bb][\/vc_column][\/vc_row][vc_row][vc_column][vc_column_text] Scopriamo la storia di questa citt\u00e0 affascinante attraverso le sue calli, i suoi ponti ed i suoi luoghi unici. Lasciamoci perdere nei suoi percorsi meno tradizionali per comprenderne la storia, le tradizioni e la vita. Qui di seguito alcune [&hellip;]<\/p>\n","protected":false},"author":2,"featured_media":0,"parent":21,"menu_order":0,"comment_status":"closed","ping_status":"closed","template":"","meta":{"_genesis_hide_title":false,"_genesis_hide_breadcrumbs":false,"_genesis_hide_singular_image":false,"_genesis_hide_footer_widgets":false,"_genesis_custom_body_class":"","_genesis_custom_post_class":"","_genesis_layout":"full-width-content","footnotes":""},"class_list":{"0":"post-119","1":"page","2":"type-page","3":"status-publish","5":"entry"},"_links":{"self":[{"href":"https:\/\/francescozanchi.com\/it\/wp-json\/wp\/v2\/pages\/119","targetHints":{"allow":["GET"]}}],"collection":[{"href":"https:\/\/francescozanchi.com\/it\/wp-json\/wp\/v2\/pages"}],"about":[{"href":"https:\/\/francescozanchi.com\/it\/wp-json\/wp\/v2\/types\/page"}],"author":[{"embeddable":true,"href":"https:\/\/francescozanchi.com\/it\/wp-json\/wp\/v2\/users\/2"}],"replies":[{"embeddable":true,"href":"https:\/\/francescozanchi.com\/it\/wp-json\/wp\/v2\/comments?post=119"}],"version-history":[{"count":47,"href":"https:\/\/francescozanchi.com\/it\/wp-json\/wp\/v2\/pages\/119\/revisions"}],"predecessor-version":[{"id":636,"href":"https:\/\/francescozanchi.com\/it\/wp-json\/wp\/v2\/pages\/119\/revisions\/636"}],"up":[{"embeddable":true,"href":"https:\/\/francescozanchi.com\/it\/wp-json\/wp\/v2\/pages\/21"}],"wp:attachment":[{"href":"https:\/\/francescozanchi.com\/it\/wp-json\/wp\/v2\/media?parent=119"}],"curies":[{"name":"wp","href":"https:\/\/api.w.org\/{rel}","templated":true}]}}