{"id":121,"date":"2019-05-01T18:43:17","date_gmt":"2019-05-01T16:43:17","guid":{"rendered":"https:\/\/francescozanchi.com\/it\/?page_id=121"},"modified":"2021-07-07T18:34:44","modified_gmt":"2021-07-07T16:34:44","slug":"palazzi-musei-e-chiese","status":"publish","type":"page","link":"https:\/\/francescozanchi.com\/it\/tours\/palazzi-musei-e-chiese\/","title":{"rendered":"Palazzi, musei e chiese"},"content":{"rendered":"<p>[vc_row full_width=\u00bbstretch_row_content_no_spaces\u00bb content_placement=\u00bbmiddle\u00bb bg_type=\u00bbimage\u00bb parallax_style=\u00bbvcpb-default\u00bb bg_image_repeat=\u00bbno-repeat\u00bb bg_image_size=\u00bbinitial\u00bb bg_img_attach=\u00bbfixed\u00bb bg_override=\u00bbfull\u00bb animation_type=\u00bbh\u00bb horizontal_animation=\u00bbleft-animation\u00bb vertical_animation=\u00bbtop-animation\u00bb disable_on_mobile=\u00bbdisable_on_mobile_value\u00bb][vc_column][vc_single_image image=\u00bb313&#8243; img_size=\u00bbfull\u00bb alignment=\u00bbcenter\u00bb][\/vc_column][\/vc_row][vc_row][vc_column]<div id=\"ultimate-heading-169069f8a09cc878f\" class=\"uvc-heading ult-adjust-bottom-margin ultimate-heading-169069f8a09cc878f uvc-3798 \" data-hspacer=\"line_only\"  data-halign=\"center\" style=\"text-align:center\"><div class=\"uvc-main-heading ult-responsive\"  data-ultimate-target='.uvc-heading.ultimate-heading-169069f8a09cc878f h2'  data-responsive-json-new='{\"font-size\":\"desktop:30px;\",\"line-height\":\"\"}' ><h2 style=\"font-weight:bold;\">Palazzi, musei e chiese<\/h2><\/div><div class=\"uvc-heading-spacer line_only\" style=\"margin-top:15px;margin-bottom:25px;height:1px;\"><span class=\"uvc-headings-line\" style=\"border-style:solid;border-bottom-width:1px;border-color:#000000;width:80px;\"><\/span><\/div><\/div>[vc_column_text]<\/p>\n<p style=\"text-align: center;\">Venezia \u00e8 un oceano di opere d&#8217;arte, uno scrigno infinito di capolavori. Qui di seguito alcuni suggerimenti tra i luoghi preferiti da chi visita Venezia:<\/p>\n<p>[\/vc_column_text][vc_row_inner][vc_column_inner]<div id=\"ultimate-heading-372769f8a09cc8834\" class=\"uvc-heading ult-adjust-bottom-margin ultimate-heading-372769f8a09cc8834 uvc-7684 \" data-hspacer=\"no_spacer\"  data-halign=\"center\" style=\"text-align:center\"><div class=\"uvc-heading-spacer no_spacer\" style=\"top\"><\/div><div class=\"uvc-main-heading ult-responsive\"  data-ultimate-target='.uvc-heading.ultimate-heading-372769f8a09cc8834 h2'  data-responsive-json-new='{\"font-size\":\"\",\"line-height\":\"\"}' ><h2 style=\"font-weight:normal;\">Scegli un itinerario<\/h2><\/div><\/div>[vc_column_text]<\/p>\n<ol>\n<li><strong>Ca\u2019 Rezzonico<\/strong>: \u00e8 considerato uno dei palazzi pi\u00f9 raffinati sul Canal Grande e custodisce una preziosa collezione di arredi, arazzi, oggetti d&#8217;arte e dipinti (Canaletto, Guardi, Longhi, Carriera, Tiepolo&#8230;)<span lang=\"ES-TRAD\">, a testimonianza della cultura e della civilt\u00e0 del XVIII secolo. Questa grandiosa dimora di una delle pi\u00f9 facoltose famiglie della Repubblica di Venezia, con il suo salone da ballo, i vari salotti e la camera da letto, dall&#8217;effetto scenico e suggestivo, \u00e8 quindi la sede del Museo del Settecento Veneziano.<\/span><\/li>\n<li><strong>Scuola Grande di San Rocco e Basilica dei Frari<\/strong>: <span lang=\"ES-TRAD\">la prima \u00e8 una antica scuola di devozione, ossia un&#8217;istituzione caritatevole, che cela dietro la sontuosa facciata marmorea un interno incredibile ove \u00e8 conservata la pi\u00f9 grande opera realizzata dal Tintoretto, un ciclo di dipinti che riveste pareti e soffitti; la seconda \u00e8 una delle chiese pi\u00f9 importanti di Venezia, racchiude un incredibile patrimonio di dipinti e di sculture (da Bellini a Tiziano, da Donatello a Sansovino), il monumentale coro dei frati entro un recinto marmoreo e i mausolei di importanti artisti e personalit\u00e0.<\/span><\/li>\n<li><strong>Gallerie dell&#8217;Accademia<\/strong>: si trovano nel monumentale ex complesso della Carit\u00e0 e ospitano la maggiore e pi\u00f9 organica raccolta di<span lang=\"ES-TRAD\">\u00a0pittura veneziana, dalle sue origini fino a tutto il 1700. Camminando per le sue grandi sale apprezzeremo l\u2019evoluzione della pittura nei secoli: tra gli artisti di pi\u00f9 rilievo, Bellini, Carpaccio, Giorgione, Tiziano, Tintoretto, Veronese e Tiepolo, solo per citarne alcuni.<\/span><\/li>\n<li><strong>Collezione Peggy Guggenheim<\/strong>: <span lang=\"ES-TRAD\">era la casa di una grande mecenate americana tra i maggiori collezionisti d&#8217;arte moderna del &#8216;900. In questo luogo eccezionale, per valore e atmosfera, sono rappresentati i maestri della pittura (nonch\u00e9 i pi\u00f9 importanti movimenti artistici) dall&#8217;inizio del XX sec al secondo dopoguerra. Vi sono opere di Picasso, De Chirico, Mondrian, Dal\u00ec, Magritte e Pollock, solo per citare alcuni nomi<\/span>.<\/li>\n<li><strong>Palazzo Grimani e Palazzo Querini<\/strong>:<span lang=\"ES-TRAD\"> sono due edifici che ci permetteranno di conoscere le curiose vicende di due importanti famiglie dell\u2019aristocrazia veneziana e di scoprirne le originali architetture. La dimora dei Grimani richiama la classicit\u00e0 dell\u2019antica Roma,\u00a0espressione della cultura e del gusto collezionistico del suo proprietario, Palazzo Querini invece custodisce arredi, porcellane ed una strepitosa pinacoteca. Nasconde inoltre un giardino segreto e un pianoterra restaurato dal famoso architetto Carlo Scarpa.<\/span><\/li>\n<li><strong>Palazzo Mocenigo e Scuola Grande di San Giovanni Evangelista<\/strong>: l\u2019imponente seicentesco Palazzo Mocenigo, che fu residenza di una delle pi\u00f9 importanti famiglie veneziane (ben sette dogi) \u00e8 ora un\u2019interessante casa-museo con uno scenografico allestimento in venti sale che ci fa capire la trasformazione del tessuto e degli abiti e l\u2019importanza del profumo. San Giovanni Evangelista \u00e8 una antica confraternita che divenne importantissima a partire dal 1369 in seguito al dono di una reliquia della Croce; all\u2019interno il famoso reliquiario.<\/li>\n<\/ol>\n<p>[\/vc_column_text][\/vc_column_inner][\/vc_row_inner][\/vc_column][\/vc_row][vc_row][vc_column width=\u00bb1\/3&#8243;][vc_single_image image=\u00bb332&#8243; img_size=\u00bbfull\u00bb alignment=\u00bbcenter\u00bb][vc_single_image image=\u00bb360&#8243; img_size=\u00bbfull\u00bb alignment=\u00bbcenter\u00bb][\/vc_column][vc_column width=\u00bb1\/3&#8243;][vc_single_image image=\u00bb356&#8243; img_size=\u00bbfull\u00bb alignment=\u00bbcenter\u00bb][vc_single_image image=\u00bb362&#8243; img_size=\u00bbfull\u00bb alignment=\u00bbcenter\u00bb][\/vc_column][vc_column width=\u00bb1\/3&#8243;][vc_single_image image=\u00bb358&#8243; img_size=\u00bbfull\u00bb alignment=\u00bbcenter\u00bb][vc_single_image image=\u00bb364&#8243; img_size=\u00bbfull\u00bb alignment=\u00bbcenter\u00bb][\/vc_column][\/vc_row]<\/p>\n","protected":false},"excerpt":{"rendered":"<p>[vc_row full_width=\u00bbstretch_row_content_no_spaces\u00bb content_placement=\u00bbmiddle\u00bb bg_type=\u00bbimage\u00bb parallax_style=\u00bbvcpb-default\u00bb bg_image_repeat=\u00bbno-repeat\u00bb bg_image_size=\u00bbinitial\u00bb bg_img_attach=\u00bbfixed\u00bb bg_override=\u00bbfull\u00bb animation_type=\u00bbh\u00bb horizontal_animation=\u00bbleft-animation\u00bb vertical_animation=\u00bbtop-animation\u00bb disable_on_mobile=\u00bbdisable_on_mobile_value\u00bb][vc_column][vc_single_image image=\u00bb313&#8243; img_size=\u00bbfull\u00bb alignment=\u00bbcenter\u00bb][\/vc_column][\/vc_row][vc_row][vc_column][vc_column_text] Venezia \u00e8 un oceano di opere d&#8217;arte, uno scrigno infinito di capolavori. Qui di seguito alcuni suggerimenti tra i luoghi preferiti da chi visita Venezia: [\/vc_column_text][vc_row_inner][vc_column_inner][vc_column_text] Ca\u2019 Rezzonico: \u00e8 considerato uno dei palazzi pi\u00f9 raffinati sul Canal Grande e [&hellip;]<\/p>\n","protected":false},"author":2,"featured_media":0,"parent":21,"menu_order":0,"comment_status":"closed","ping_status":"closed","template":"","meta":{"_genesis_hide_title":false,"_genesis_hide_breadcrumbs":false,"_genesis_hide_singular_image":false,"_genesis_hide_footer_widgets":false,"_genesis_custom_body_class":"","_genesis_custom_post_class":"","_genesis_layout":"full-width-content","footnotes":""},"class_list":{"0":"post-121","1":"page","2":"type-page","3":"status-publish","5":"entry"},"_links":{"self":[{"href":"https:\/\/francescozanchi.com\/it\/wp-json\/wp\/v2\/pages\/121","targetHints":{"allow":["GET"]}}],"collection":[{"href":"https:\/\/francescozanchi.com\/it\/wp-json\/wp\/v2\/pages"}],"about":[{"href":"https:\/\/francescozanchi.com\/it\/wp-json\/wp\/v2\/types\/page"}],"author":[{"embeddable":true,"href":"https:\/\/francescozanchi.com\/it\/wp-json\/wp\/v2\/users\/2"}],"replies":[{"embeddable":true,"href":"https:\/\/francescozanchi.com\/it\/wp-json\/wp\/v2\/comments?post=121"}],"version-history":[{"count":46,"href":"https:\/\/francescozanchi.com\/it\/wp-json\/wp\/v2\/pages\/121\/revisions"}],"predecessor-version":[{"id":648,"href":"https:\/\/francescozanchi.com\/it\/wp-json\/wp\/v2\/pages\/121\/revisions\/648"}],"up":[{"embeddable":true,"href":"https:\/\/francescozanchi.com\/it\/wp-json\/wp\/v2\/pages\/21"}],"wp:attachment":[{"href":"https:\/\/francescozanchi.com\/it\/wp-json\/wp\/v2\/media?parent=121"}],"curies":[{"name":"wp","href":"https:\/\/api.w.org\/{rel}","templated":true}]}}