{"id":123,"date":"2019-05-01T18:43:51","date_gmt":"2019-05-01T16:43:51","guid":{"rendered":"https:\/\/francescozanchi.com\/it\/?page_id=123"},"modified":"2024-09-25T16:38:18","modified_gmt":"2024-09-25T14:38:18","slug":"visite-tematiche","status":"publish","type":"page","link":"https:\/\/francescozanchi.com\/it\/tours\/visite-tematiche\/","title":{"rendered":"Visite tematiche"},"content":{"rendered":"<p>[vc_row full_width=\u00bbstretch_row_content_no_spaces\u00bb content_placement=\u00bbmiddle\u00bb bg_type=\u00bbimage\u00bb parallax_style=\u00bbvcpb-default\u00bb bg_image_repeat=\u00bbno-repeat\u00bb bg_image_size=\u00bbinitial\u00bb bg_img_attach=\u00bbfixed\u00bb bg_override=\u00bbfull\u00bb animation_type=\u00bbh\u00bb horizontal_animation=\u00bbleft-animation\u00bb vertical_animation=\u00bbtop-animation\u00bb disable_on_mobile=\u00bbdisable_on_mobile_value\u00bb][vc_column][vc_single_image image=\u00bb413&#8243; img_size=\u00bbfull\u00bb alignment=\u00bbcenter\u00bb][\/vc_column][\/vc_row][vc_row][vc_column]<div id=\"ultimate-heading-260269f8a0b4a7ff9\" class=\"uvc-heading ult-adjust-bottom-margin ultimate-heading-260269f8a0b4a7ff9 uvc-3412 \" data-hspacer=\"line_only\"  data-halign=\"center\" style=\"text-align:center\"><div class=\"uvc-main-heading ult-responsive\"  data-ultimate-target='.uvc-heading.ultimate-heading-260269f8a0b4a7ff9 h2'  data-responsive-json-new='{\"font-size\":\"desktop:30px;\",\"line-height\":\"\"}' ><h2 style=\"font-weight:bold;\">Visite tematiche<\/h2><\/div><div class=\"uvc-heading-spacer line_only\" style=\"margin-top:15px;margin-bottom:25px;height:1px;\"><span class=\"uvc-headings-line\" style=\"border-style:solid;border-bottom-width:1px;border-color:#000000;width:80px;\"><\/span><\/div><\/div>[vc_column_text]<\/p>\n<p style=\"text-align: center;\">Le curiosit\u00e0, a Venezia, sono sparse ovunque. Proprio per questo motivo, i pi\u00f9 curiosi possono scegliere tra alcuni percorsi mirati: per chi arriva in laguna con i figli, per chi \u00e8 innamorato, per chi vuole scoprire gli angoli pi\u00f9 misteriosi, per chi vuole concedersi uno shopping esclusivo&#8230;<\/p>\n<p>[\/vc_column_text][vc_row_inner][vc_column_inner]<div id=\"ultimate-heading-299969f8a0b4a80a6\" class=\"uvc-heading ult-adjust-bottom-margin ultimate-heading-299969f8a0b4a80a6 uvc-7815 \" data-hspacer=\"no_spacer\"  data-halign=\"center\" style=\"text-align:center\"><div class=\"uvc-heading-spacer no_spacer\" style=\"top\"><\/div><div class=\"uvc-main-heading ult-responsive\"  data-ultimate-target='.uvc-heading.ultimate-heading-299969f8a0b4a80a6 h2'  data-responsive-json-new='{\"font-size\":\"\",\"line-height\":\"\"}' ><h2 style=\"font-weight:normal;\">Scegli un itinerario<\/h2><\/div><\/div>[vc_column_text]<\/p>\n<ol>\n<li><strong>In viaggio con i ragazzi<\/strong>: una passeggiata con un occhio di riguardo per i pi\u00f9 piccoli. Venezia \u00e8 una citt\u00e0 che sorprende e lascia i bambini sbalorditi la prima volta che la vedono: le case poggiano sull&#8217;acqua, le strade sono i \u00abrii\u00bb ossia i canali e il traffico \u00e8 fatto di gondole, barche e vaporetti&#8230; le automobili sono sparite!<\/li>\n<li><strong>Le comunit\u00e0\u00a0straniere a Venezia<\/strong>: una passeggiata per scoprire come la citt\u00e0 sia sempre stata cosmopolita fin dalle proprie origini. Passeremo per alcuni luoghi storici di queste comunit\u00e0 straniere le cui genti arrivarono perch\u00e9 in fuga da persecuzioni (come gli armeni), per affari (come i tedeschi, i greci o i turchi) o perch\u00e9\u00a0il dominio della Serenissima si andava allargando (come i dalmati).<\/li>\n<li><strong>La via delle spezie e il gusto per l\u2019esotico<\/strong>, ovvero la tipica attitudine veneziana di esser stata ponte tra culture orientali e occidentali\u201d. Una passeggiata che ci condurr\u00e0 ai palazzi e alle calli che sono state teatro delle rivoluzioni in medicina ed in cucina, dalle droghe cosiddette \u201creali\u201d alla moda del caff\u00e8, della cioccolata e dei nuovi vini \u201cforesti\u201d.<\/li>\n<li><strong>Venezia e il vino<\/strong>: un tour sulle tracce di questo complesso e unico rapporto, camminando attraverso le antiche calli dei mestieri del vino. Scopriremo come mai Venezia sia stata cos\u00ec importante per questa bevanda, non solo per il suo consumo, ma anche per la sua distribuzione.<\/li>\n<li><strong>Venezia e i grandi viaggiatori<\/strong>: il viaggio inteso come conoscenza e confronto tra popoli e culture. Dai mercanti famosi agli intrepidi naviganti, dagli esploratori senza scrupoli al \u201cgrand tour\u201d dei nobili rampolli, dagli ambasciatori curiosi agli artisti in cerca di ispirazione, dagli scritti alle \u201ccarte da navegar\u201d, da Marco Polo ad Alvise Da Mosto, da Pietro Querini a Giovanni Caboto, in un percorso accattivante e insolito all\u2019insegna delle loro imprese e delle loro avventure, delle loro scoperte e delle curiosit\u00e0 trascritte nei loro diari di bordo.<\/li>\n<li><strong>Venezia e le donne<\/strong>: non sono poche le donne \u201cSerenissime\u201d che si sono contraddistinte per intelligenza, eleganza e fascino. Vi condurr\u00f2 alla scoperta di alcune di queste straordinarie storie al femminile: un percorso sulle orme di donne che per prime si sono avventurate in ambiti da sempre indiscusso territorio maschile, nella cultura come nell\u2019imprenditoria. Donne straordinarie che hanno voluto essere padrone del proprio destino senza condizionamenti: donne moderne che hanno lasciato un segno indelebile nella storia non solo veneziana.<\/li>\n<li><strong>Erotismo e seduzione<\/strong>: faremo una passeggiata sulla Venezia provocante e libertina. Scopriremo questo palcoscenico ideale di giochi amorosi attraverso l\u2019antico quartiere a luci rosse e i famosi \u201ccasini\u201d, il cinema erotico e la letteratura licenziosa, sulle orme delle cortigiane e, ovviamente, del seduttore impenitente Casanova.<\/li>\n<li><strong>Tour dei misteri e dei fantasmi<\/strong>: calli e canali formano un intreccio serrato di un singolare labirinto che di sera acquista un fascino noir, perfetta scenografia per scoprire storie di delitti macabri, leggende cruente e attuali avvenimenti.<\/li>\n<li><strong>Arte e artigianato<\/strong>: Venezia \u00e8 conosciuta anche per la raffinatezza e la ricchezza dell\u2019artigianato tradizionale. Vi\u00a0condurr\u00f2 dietro le quinte delle botteghe di maestri d\u2019arte di Venezia e della laguna veneziana per assaporarne lo spirito creativo, portando alla luce l\u2019interazione tra design e artigianato. Legatorie, stamperie, vetrerie, tessili, sono tanti i prodotti di qualit\u00e0, dal vetro soffiato ai mosaici, dalle perle alle ceramiche,\u00a0dalla carta stampata a mano al legno,\u00a0dalle maschere alle calzature, dai merletti alle stoffe e ai tessuti pregiati.<\/li>\n<li><strong>Gastronomia<\/strong>: Venezia ha una tradizione famosa, andar per \u00abb\u00e0cari\u00bb, ossia le sue osterie tipiche. Qui\u00a0degusteremo i \u00abcicheti\u00bb ossia degli spuntini sfiziosi spesso a base di pesce, ma anche di carne, verdure o uova, il tutto bagnato da un\u2019\u201combra\u201d di vino, un prosecco, un Bellini o il mitico \u201cspritz\u201d! Per i golosi invece, una tazza di cioccolata o un gelato speciale (come la panna in ghiaccio o il gianduiotto), bussolai o zaleti, fiamme ripiene allo zabaione o meringhe alla panna oppure innumerevoli altri dolci che dipendono dalle stagioni e dalle feste locali.<\/li>\n<\/ol>\n<p>[\/vc_column_text][\/vc_column_inner][\/vc_row_inner][\/vc_column][\/vc_row][vc_row][vc_column width=\u00bb1\/3&#8243;][vc_single_image image=\u00bb342&#8243; img_size=\u00bbfull\u00bb alignment=\u00bbcenter\u00bb][vc_single_image image=\u00bb388&#8243; img_size=\u00bbfull\u00bb alignment=\u00bbcenter\u00bb][\/vc_column][vc_column width=\u00bb1\/3&#8243;][vc_single_image image=\u00bb386&#8243; img_size=\u00bbfull\u00bb alignment=\u00bbcenter\u00bb][vc_single_image image=\u00bb394&#8243; img_size=\u00bbfull\u00bb alignment=\u00bbcenter\u00bb][\/vc_column][vc_column width=\u00bb1\/3&#8243;][vc_single_image image=\u00bb344&#8243; img_size=\u00bbfull\u00bb alignment=\u00bbcenter\u00bb][vc_single_image image=\u00bb392&#8243; img_size=\u00bbfull\u00bb alignment=\u00bbcenter\u00bb][\/vc_column][\/vc_row]<\/p>\n","protected":false},"excerpt":{"rendered":"<p>[vc_row full_width=\u00bbstretch_row_content_no_spaces\u00bb content_placement=\u00bbmiddle\u00bb bg_type=\u00bbimage\u00bb parallax_style=\u00bbvcpb-default\u00bb bg_image_repeat=\u00bbno-repeat\u00bb bg_image_size=\u00bbinitial\u00bb bg_img_attach=\u00bbfixed\u00bb bg_override=\u00bbfull\u00bb animation_type=\u00bbh\u00bb horizontal_animation=\u00bbleft-animation\u00bb vertical_animation=\u00bbtop-animation\u00bb disable_on_mobile=\u00bbdisable_on_mobile_value\u00bb][vc_column][vc_single_image image=\u00bb413&#8243; img_size=\u00bbfull\u00bb alignment=\u00bbcenter\u00bb][\/vc_column][\/vc_row][vc_row][vc_column][vc_column_text] Le curiosit\u00e0, a Venezia, sono sparse ovunque. Proprio per questo motivo, i pi\u00f9 curiosi possono scegliere tra alcuni percorsi mirati: per chi arriva in laguna con i figli, per chi \u00e8 innamorato, per chi vuole scoprire gli angoli pi\u00f9 [&hellip;]<\/p>\n","protected":false},"author":2,"featured_media":0,"parent":21,"menu_order":0,"comment_status":"closed","ping_status":"closed","template":"","meta":{"_genesis_hide_title":false,"_genesis_hide_breadcrumbs":false,"_genesis_hide_singular_image":false,"_genesis_hide_footer_widgets":false,"_genesis_custom_body_class":"","_genesis_custom_post_class":"","_genesis_layout":"full-width-content","footnotes":""},"class_list":{"0":"post-123","1":"page","2":"type-page","3":"status-publish","5":"entry"},"_links":{"self":[{"href":"https:\/\/francescozanchi.com\/it\/wp-json\/wp\/v2\/pages\/123","targetHints":{"allow":["GET"]}}],"collection":[{"href":"https:\/\/francescozanchi.com\/it\/wp-json\/wp\/v2\/pages"}],"about":[{"href":"https:\/\/francescozanchi.com\/it\/wp-json\/wp\/v2\/types\/page"}],"author":[{"embeddable":true,"href":"https:\/\/francescozanchi.com\/it\/wp-json\/wp\/v2\/users\/2"}],"replies":[{"embeddable":true,"href":"https:\/\/francescozanchi.com\/it\/wp-json\/wp\/v2\/comments?post=123"}],"version-history":[{"count":57,"href":"https:\/\/francescozanchi.com\/it\/wp-json\/wp\/v2\/pages\/123\/revisions"}],"predecessor-version":[{"id":659,"href":"https:\/\/francescozanchi.com\/it\/wp-json\/wp\/v2\/pages\/123\/revisions\/659"}],"up":[{"embeddable":true,"href":"https:\/\/francescozanchi.com\/it\/wp-json\/wp\/v2\/pages\/21"}],"wp:attachment":[{"href":"https:\/\/francescozanchi.com\/it\/wp-json\/wp\/v2\/media?parent=123"}],"curies":[{"name":"wp","href":"https:\/\/api.w.org\/{rel}","templated":true}]}}