{"id":21,"date":"2019-03-20T21:26:46","date_gmt":"2019-03-20T20:26:46","guid":{"rendered":"https:\/\/francescozanchi.com\/it\/?page_id=21"},"modified":"2020-03-13T16:10:56","modified_gmt":"2020-03-13T15:10:56","slug":"tours","status":"publish","type":"page","link":"https:\/\/francescozanchi.com\/it\/tours\/","title":{"rendered":"Tour"},"content":{"rendered":"<p>[vc_row][vc_column]<div class=\"ult-spacer spacer-69f8a076e85aa\" data-id=\"69f8a076e85aa\" data-height=\"50\" data-height-mobile=\"30\" data-height-tab=\"40\" data-height-tab-portrait=\"40\" data-height-mobile-landscape=\"40\" style=\"clear:both;display:block;\"><\/div>[vc_column_text]<\/p>\n<p style=\"text-align: center;\">Venezia \u00e8 un caleidoscopio di sensazioni, vi accompagner\u00f2 per i luoghi pi\u00f9 belli raccontandovi i fatti storici, l&#8217;architettura e la vita di questa citt\u00e0 unica: potete scegliere fra le diverse proposte di itinerari a piedi o in barca per scoprirne i tesori.<\/p>\n<p>[\/vc_column_text][\/vc_column][\/vc_row][vc_row][vc_column width=\u00bb1\/3&#8243;][vc_single_image image=\u00bb69&#8243; img_size=\u00bb375&#215;250&#8243; alignment=\u00bbcenter\u00bb onclick=\u00bbcustom_link\u00bb link=\u00bbhttps:\/\/francescozanchi.com\/it\/tours\/venezia-monumentale\/\u00bb css=\u00bb.vc_custom_1580201330226{margin-bottom: 0px !important;}\u00bb][vc_custom_heading text=\u00bbVenezia monumentale\u00bb font_container=\u00bbtag:h2|text_align:center\u00bb use_theme_fonts=\u00bbyes\u00bb link=\u00bburl:https%3A%2F%2Ffrancescozanchi.com%2Fit%2Ftours%2Fvenezia-monumentale%2F|title:Venezia%20monumentale||\u00bb][vc_separator color=\u00bbblack\u00bb el_width=\u00bb20&#8243;][\/vc_column][vc_column width=\u00bb1\/3&#8243;][vc_single_image image=\u00bb431&#8243; img_size=\u00bb375&#215;250&#8243; alignment=\u00bbcenter\u00bb onclick=\u00bbcustom_link\u00bb link=\u00bbhttps:\/\/francescozanchi.com\/it\/tours\/venezia-segreta\/\u00bb css=\u00bb.vc_custom_1580201757469{margin-bottom: 0px !important;}\u00bb][vc_custom_heading text=\u00bbVenezia segreta\u00bb font_container=\u00bbtag:h2|text_align:center\u00bb use_theme_fonts=\u00bbyes\u00bb link=\u00bburl:https%3A%2F%2Ffrancescozanchi.com%2Fit%2Ftours%2Fvenezia-segreta%2F|title:Venezia%20segreta||\u00bb][vc_separator color=\u00bbblack\u00bb el_width=\u00bb20&#8243;][\/vc_column][vc_column width=\u00bb1\/3&#8243;][vc_single_image image=\u00bb157&#8243; img_size=\u00bb375&#215;250&#8243; alignment=\u00bbcenter\u00bb onclick=\u00bbcustom_link\u00bb link=\u00bbhttps:\/\/francescozanchi.com\/it\/tours\/palazzi-musei-e-chiese\/\u00bb css=\u00bb.vc_custom_1580202126801{margin-bottom: 0px !important;}\u00bb][vc_custom_heading text=\u00bbPalazzi, musei e chiese\u00bb font_container=\u00bbtag:h2|text_align:center\u00bb use_theme_fonts=\u00bbyes\u00bb link=\u00bburl:https%3A%2F%2Ffrancescozanchi.com%2Fit%2Ftours%2Fpalazzi-musei-e-chiese%2F|title:Palazzi%2C%20musei%20e%20chiese||\u00bb][vc_separator color=\u00bbblack\u00bb el_width=\u00bb20&#8243;][\/vc_column][\/vc_row][vc_row][vc_column width=\u00bb1\/3&#8243;][vc_single_image image=\u00bb428&#8243; img_size=\u00bb375&#215;250&#8243; alignment=\u00bbcenter\u00bb onclick=\u00bbcustom_link\u00bb link=\u00bbhttps:\/\/francescozanchi.com\/it\/tours\/visite-tematiche\/\u00bb css=\u00bb.vc_custom_1580202642353{margin-bottom: 0px !important;}\u00bb][vc_custom_heading text=\u00bbVisite tematiche\u00bb font_container=\u00bbtag:h2|text_align:center\u00bb use_theme_fonts=\u00bbyes\u00bb link=\u00bburl:https%3A%2F%2Ffrancescozanchi.com%2Fit%2Ftours%2Fvisite-tematiche%2F|title:Visite%20tematiche||\u00bb][vc_separator color=\u00bbblack\u00bb el_width=\u00bb20&#8243;][\/vc_column][vc_column width=\u00bb1\/3&#8243;][vc_single_image image=\u00bb417&#8243; img_size=\u00bb375&#215;250&#8243; alignment=\u00bbcenter\u00bb onclick=\u00bbcustom_link\u00bb link=\u00bbhttps:\/\/francescozanchi.com\/it\/tours\/tour-in-barca\/\u00bb css=\u00bb.vc_custom_1580204455982{margin-bottom: 0px !important;}\u00bb][vc_custom_heading text=\u00bbTour in barca\u00bb font_container=\u00bbtag:h2|text_align:center\u00bb use_theme_fonts=\u00bbyes\u00bb link=\u00bburl:https%3A%2F%2Ffrancescozanchi.com%2Fit%2Ftours%2Ftour-in-barca%2F|title:Tour%20in%20barca||\u00bb][vc_separator color=\u00bbblack\u00bb el_width=\u00bb20&#8243;][\/vc_column][vc_column width=\u00bb1\/3&#8243;][vc_single_image image=\u00bb60&#8243; img_size=\u00bb375&#215;250&#8243; alignment=\u00bbcenter\u00bb onclick=\u00bbcustom_link\u00bb link=\u00bbhttps:\/\/francescozanchi.com\/it\/tours\/visite-personalizzate\/\u00bb css=\u00bb.vc_custom_1580204835496{margin-bottom: 0px !important;}\u00bb][vc_custom_heading text=\u00bbVisite personalizzate\u00bb font_container=\u00bbtag:h2|text_align:center\u00bb use_theme_fonts=\u00bbyes\u00bb link=\u00bburl:https%3A%2F%2Ffrancescozanchi.com%2Fit%2Ftours%2Fvisite-personalizzate%2F|title:Visite%20personalizzate||\u00bb][vc_separator color=\u00bbblack\u00bb el_width=\u00bb20&#8243;][\/vc_column][\/vc_row]<\/p>\n","protected":false},"excerpt":{"rendered":"<p>[vc_row][vc_column][vc_column_text] Venezia \u00e8 un caleidoscopio di sensazioni, vi accompagner\u00f2 per i luoghi pi\u00f9 belli raccontandovi i fatti storici, l&#8217;architettura e la vita di questa citt\u00e0 unica: potete scegliere fra le diverse proposte di itinerari a piedi o in barca per scoprirne i tesori. [\/vc_column_text][\/vc_column][\/vc_row][vc_row][vc_column width=\u00bb1\/3&#8243;][vc_single_image image=\u00bb69&#8243; img_size=\u00bb375&#215;250&#8243; alignment=\u00bbcenter\u00bb onclick=\u00bbcustom_link\u00bb link=\u00bbhttps:\/\/francescozanchi.com\/it\/tours\/venezia-monumentale\/\u00bb css=\u00bb.vc_custom_1580201330226{margin-bottom: 0px !important;}\u00bb][vc_custom_heading text=\u00bbVenezia monumentale\u00bb [&hellip;]<\/p>\n","protected":false},"author":1,"featured_media":0,"parent":0,"menu_order":0,"comment_status":"closed","ping_status":"closed","template":"","meta":{"_genesis_hide_title":false,"_genesis_hide_breadcrumbs":false,"_genesis_hide_singular_image":false,"_genesis_hide_footer_widgets":false,"_genesis_custom_body_class":"","_genesis_custom_post_class":"","_genesis_layout":"full-width-content","footnotes":""},"class_list":{"0":"post-21","1":"page","2":"type-page","3":"status-publish","5":"entry"},"_links":{"self":[{"href":"https:\/\/francescozanchi.com\/it\/wp-json\/wp\/v2\/pages\/21","targetHints":{"allow":["GET"]}}],"collection":[{"href":"https:\/\/francescozanchi.com\/it\/wp-json\/wp\/v2\/pages"}],"about":[{"href":"https:\/\/francescozanchi.com\/it\/wp-json\/wp\/v2\/types\/page"}],"author":[{"embeddable":true,"href":"https:\/\/francescozanchi.com\/it\/wp-json\/wp\/v2\/users\/1"}],"replies":[{"embeddable":true,"href":"https:\/\/francescozanchi.com\/it\/wp-json\/wp\/v2\/comments?post=21"}],"version-history":[{"count":20,"href":"https:\/\/francescozanchi.com\/it\/wp-json\/wp\/v2\/pages\/21\/revisions"}],"predecessor-version":[{"id":545,"href":"https:\/\/francescozanchi.com\/it\/wp-json\/wp\/v2\/pages\/21\/revisions\/545"}],"wp:attachment":[{"href":"https:\/\/francescozanchi.com\/it\/wp-json\/wp\/v2\/media?parent=21"}],"curies":[{"name":"wp","href":"https:\/\/api.w.org\/{rel}","templated":true}]}}